{"id":688,"date":"2024-10-10T04:26:04","date_gmt":"2024-10-10T04:26:04","guid":{"rendered":"https:\/\/lupsys.tech\/qui-som\/"},"modified":"2025-07-17T16:28:09","modified_gmt":"2025-07-17T16:28:09","slug":"qui-som","status":"publish","type":"page","link":"https:\/\/lupsys.tech\/ca\/qui-som\/","title":{"rendered":"Qui som?"},"content":{"rendered":"<p>[et_pb_section fb_built=&#8221;1&#8243; _builder_version=&#8221;4.27.4&#8243; _module_preset=&#8221;default&#8221; global_colors_info=&#8221;{}&#8221;][et_pb_row _builder_version=&#8221;4.27.4&#8243; _module_preset=&#8221;default&#8221; max_width=&#8221;80%&#8221; global_colors_info=&#8221;{}&#8221;][et_pb_column type=&#8221;4_4&#8243; _builder_version=&#8221;4.27.4&#8243; _module_preset=&#8221;default&#8221; global_colors_info=&#8221;{}&#8221;][et_pb_text _builder_version=&#8221;4.27.4&#8243; _module_preset=&#8221;default&#8221; text_font=&#8221;|700|||||||&#8221; header_font=&#8221;&#8211;et_global_body_font|700|||||||&#8221; header_text_shadow_style=&#8221;preset3&#8243; global_colors_info=&#8221;{}&#8221;]<\/p>\n<h1>El naixement de Lupsys Technology<\/h1>\n<p>[\/et_pb_text][et_pb_text _builder_version=&#8221;4.27.4&#8243; _module_preset=&#8221;default&#8221; global_colors_info=&#8221;{}&#8221;]<\/p>\n<p style=\"caret-color: #000000; color: #000000; font-style: normal; font-variant-caps: normal; font-weight: 400; letter-spacing: normal; orphans: auto; text-align: start; text-indent: 0px; text-transform: none; white-space: normal; widows: auto; word-spacing: 0px; -webkit-tap-highlight-color: rgba(0, 0, 0, 0.4); -webkit-text-stroke-width: 0px; text-decoration: none;\">Lupsys Technology va n\u00e9ixer el 2024. No som una empresa amb d\u00e8cades d&#8217;hist\u00f2ria, per\u00f2 s\u00ed amb una visi\u00f3 clara: <strong>no veiem problemes, nom\u00e9s oportunitats<\/strong> . <\/p>\n<p style=\"caret-color: #000000; color: #000000; font-style: normal; font-variant-caps: normal; font-weight: 400; letter-spacing: normal; orphans: auto; text-align: start; text-indent: 0px; text-transform: none; white-space: normal; widows: auto; word-spacing: 0px; -webkit-tap-highlight-color: rgba(0, 0, 0, 0.4); -webkit-text-stroke-width: 0px; text-decoration: none;\">Tot va comen\u00e7ar amb una simple pregunta: <em>I si fem les coses d&#8217;una altra manera?<\/em><\/p>\n<p style=\"caret-color: #000000; color: #000000; font-style: normal; font-variant-caps: normal; font-weight: 400; letter-spacing: normal; orphans: auto; text-align: start; text-indent: 0px; text-transform: none; white-space: normal; widows: auto; word-spacing: 0px; -webkit-tap-highlight-color: rgba(0, 0, 0, 0.4); -webkit-text-stroke-width: 0px; text-decoration: none;\">Sab\u00edem que la tecnologia t\u00e9 el poder de transformar negocis, per\u00f2 en molts casos, la seva implementaci\u00f3 continua sent complicada, inaccessible o simplement no s&#8217;ajusta a all\u00f2 que realment necessiten les empreses. <strong>Vam veure una oportunitat i vam decidir aprofitar-la.<\/strong><\/p>\n<p style=\"caret-color: #000000; color: #000000; font-style: normal; font-variant-caps: normal; font-weight: 400; letter-spacing: normal; orphans: auto; text-align: start; text-indent: 0px; text-transform: none; white-space: normal; widows: auto; word-spacing: 0px; -webkit-tap-highlight-color: rgba(0, 0, 0, 0.4); -webkit-text-stroke-width: 0px; text-decoration: none;\">Des del primer dia, ens movem amb una idea clara: <strong>avan\u00e7ar, aprendre i construir sense esperar que les condicions siguin perfectes<\/strong>. Lupsys no va n\u00e9ixer amb tot resolt, va n\u00e9ixer amb l&#8217;energia de voler fer les coses b\u00e9, adaptar-se i millorar amb cada pas. <\/p>\n<p style=\"caret-color: #000000; color: #000000; font-style: normal; font-variant-caps: normal; font-weight: 400; letter-spacing: normal; orphans: auto; text-align: start; text-indent: 0px; text-transform: none; white-space: normal; widows: auto; word-spacing: 0px; -webkit-tap-highlight-color: rgba(0, 0, 0, 0.4); -webkit-text-stroke-width: 0px; text-decoration: none;\">Avui seguim en marxa, no perqu\u00e8 tinguem totes les respostes, sin\u00f3 perqu\u00e8 estem al cam\u00ed de trobar-les. I aix\u00f2 \u00e9s el que ens impulsa. <\/p>\n<p>[\/et_pb_text][dsm_dual_heading before_text=&#8221;El nostre &#8221; middle_text=&#8221;Equip&#8221; _builder_version=&#8221;4.27.4&#8243; _module_preset=&#8221;default&#8221; middle_text_color=&#8221;#71B700&#8243; background_color=&#8221;#d6d6d6&#8243; global_colors_info=&#8221;{}&#8221; after_background_color__hover_enabled=&#8221;off|desktop&#8221;][\/dsm_dual_heading][dnxte_person _builder_version=&#8221;4.27.4&#8243; _module_preset=&#8221;default&#8221; title_text=&#8221;cropped-logonrl-green.png&#8221; teamperson_image=&#8221;https:\/\/lupsys.tech\/wp-content\/uploads\/2024\/10\/cropped-logonrl-green.png&#8221; teamperson_content=&#8221;<\/p>\n<p data-start=%22719%22 data-end=%22878%22 class=%22%22>Aunque mi camino empez\u00f3 en otros sectores, fue la pasi\u00f3n por la tecnolog\u00eda y las ganas de crecer lo que me llev\u00f3 a lanzar Lupsys Technology.<\/p>\n<p data-start=%22880%22 data-end=%221076%22 class=%22%22>Me gusta lo pr\u00e1ctico: implementar soluciones que realmente ayuden a las empresas a trabajar mejor. Ver c\u00f3mo un cliente gana en productividad gracias a algo que hemos hecho, es lo que m\u00e1s disfruto.<\/p>\n<p data-start=%221078%22 data-end=%221240%22 class=%22%22>Trabajo de forma directa, sin rodeos, y estoy disponible cuando se me necesita. Me gusta que quien conf\u00eda en m\u00ed sepa que puede contar conmigo, sin intermediarios.<\/p>\n<p data-start=%221242%22 data-end=%221400%22 class=%22%22>Lupsys es un proyecto que crece conmigo, paso a paso, y mi idea es seguir as\u00ed: mejorando cada d\u00eda, al lado de quienes apuestan por un soporte cercano y claro.<\/p>\n<p>&#8221; teamperson_name=&#8221;Daniel Pierna Villarejo&#8221; teamperson_position=&#8221;Fundador &#038; CEO de Lupsys Technology&#8221; hover_enabled=&#8221;0&#8243; sticky_enabled=&#8221;0&#8243; person_image_position=&#8221;person-left&#8221; person_image_padding=&#8221;0px||0px||true|false&#8221; person_content_margin=&#8221;||||false|false&#8221; person_image_margin=&#8221;-100px|-400px|0px||false|false&#8221;][dnxte_person_item _builder_version=&#8221;4.27.4&#8243; _module_preset=&#8221;default&#8221; hover_enabled=&#8221;0&#8243; sticky_enabled=&#8221;0&#8243; person_social_network=&#8221;linkedin&#8221; url=&#8221;https:\/\/www.linkedin.com\/in\/daniel-pierna\/&#8221; border_radii=&#8221;on|6px|6px|6px|6px&#8221; person_link_new_window=&#8221;on&#8221;][\/dnxte_person_item][dnxte_person_item _builder_version=&#8221;4.27.4&#8243; _module_preset=&#8221;default&#8221; person_social_network=&#8221;youtube&#8221; hover_enabled=&#8221;0&#8243; sticky_enabled=&#8221;0&#8243; border_radii=&#8221;on|8px|8px|8px|8px&#8221; url=&#8221;https:\/\/www.youtube.com\/@lupsys&#8221; person_link_new_window=&#8221;on&#8221;][\/dnxte_person_item][\/dnxte_person][\/et_pb_column][\/et_pb_row][\/et_pb_section]<\/p>\n","protected":false},"excerpt":{"rendered":"<p>El naixement de Lupsys TechnologyLupsys Technology va n\u00e9ixer el 2024. No som una empresa amb d\u00e8cades d&#8217;hist\u00f2ria, per\u00f2 s\u00ed amb una visi\u00f3 clara: no veiem problemes, nom\u00e9s oportunitats . Tot va comen\u00e7ar amb una simple pregunta: I si fem les coses d&#8217;una altra manera? Sab\u00edem que la tecnologia t\u00e9 el poder de transformar negocis, per\u00f2 en molts casos, la seva implementaci\u00f3 continua sent complicada, inaccessible o simplement no s&#8217;ajusta a all\u00f2 que realment necessiten les empreses. Vam veure una oportunitat i vam decidir aprofitar-la. Des del primer dia, ens movem amb una idea clara: avan\u00e7ar, aprendre i construir sense esperar que les condicions siguin perfectes. Lupsys no va n\u00e9ixer amb tot resolt, va n\u00e9ixer amb l&#8217;energia de voler fer les coses b\u00e9, adaptar-se i millorar amb cada pas. Avui seguim en marxa, no perqu\u00e8 tinguem totes les respostes, sin\u00f3 perqu\u00e8 estem al cam\u00ed de trobar-les. I aix\u00f2 \u00e9s el que ens impulsa. <div class=\"et_pb_module dsm_dual_heading dsm_dual_heading_0  et_pb_bg_layout_light\">\n\t\t\t\t\n\t\t\t\t\n\t\t\t\t\n\t\t\t\t\n\t\t\t\t\n\t\t\t\t\n\t\t\t\t<div class=\"et_pb_module_inner\">\n\t\t\t\t\t<h2 class=\"dsm-dual-heading-main et_pb_module_header\"><span class=\"dsm-dual-heading-before\">El nostre <\/span><span class=\"dsm-dual-heading-middle\">Equip<\/span><\/h2>\n\t\t\t\t<\/div>\n\t\t\t<\/div><div class=\"et_pb_module dnxte_person dnxte_person_0\">\n\t\t\t\t\n\t\t\t\t\n\t\t\t\t\n\t\t\t\t\n\t\t\t\t\n\t\t\t\t\n\t\t\t\t<div class=\"et_pb_module_inner\">\n\t\t\t\t\t<div class=\"dnxte-nextperson-team-wrap dnxte-nextperson-\">\n\t\t\t\t\t<div class=\"dnxte-nextperson-img dnxte-nextperson-top-left\"><img decoding=\"async\" src=\"\" alt=\"\" title=\"\" class=\"et_multi_view_hidden_image \" \/><\/div>\n\t\t\t\t<div class=\"dnxte-nextperson-des\">\n\t\t\t\t\t<div class=\"dnxte-nextperson-wrapper\">\n\t\t\t\t\t\t\n\t\t\t\t\t\t\n\t\t\t\t\t\t<div class=\"dnxte-nextperson-pra\">&#8221;Aunque<\/div>\n\t\t\t\t\t<\/div>\n\t\t\t\t\t<ul class=\"dnxte-nextperson-social \">\n\t\t\t\t\t\t\n\t\t\t\t\t<\/ul>\n\t\t\t\t<\/div>\n\t\t\t<\/div>\n\t\t\t\t<\/div>\n\t\t\t<\/div><\/p>\n","protected":false},"author":1,"featured_media":0,"parent":0,"menu_order":0,"comment_status":"closed","ping_status":"closed","template":"","meta":{"_et_pb_use_builder":"on","_et_pb_old_content":"","_et_gb_content_width":"","iawp_total_views":8,"footnotes":""},"class_list":["post-688","page","type-page","status-publish","hentry"],"yoast_head":"<!-- This site is optimized with the Yoast SEO Premium plugin v26.1 (Yoast SEO v27.3) - https:\/\/yoast.com\/product\/yoast-seo-premium-wordpress\/ -->\n<title>Qui som? - Lupsys Technology<\/title>\n<meta name=\"robots\" content=\"index, follow, max-snippet:-1, max-image-preview:large, max-video-preview:-1\" \/>\n<link rel=\"canonical\" href=\"https:\/\/lupsys.tech\/ca\/qui-som\/\" \/>\n<script type=\"application\/ld+json\" class=\"yoast-schema-graph\">{\"@context\":\"https:\\\/\\\/schema.org\",\"@graph\":[{\"@type\":\"WebPage\",\"@id\":\"https:\\\/\\\/lupsys.tech\\\/ca\\\/qui-som\\\/\",\"url\":\"https:\\\/\\\/lupsys.tech\\\/ca\\\/qui-som\\\/\",\"name\":\"Qui som? - Lupsys Technology\",\"isPartOf\":{\"@id\":\"https:\\\/\\\/lupsys.tech\\\/ca\\\/#website\"},\"datePublished\":\"2024-10-10T04:26:04+00:00\",\"dateModified\":\"2025-07-17T16:28:09+00:00\",\"breadcrumb\":{\"@id\":\"https:\\\/\\\/lupsys.tech\\\/ca\\\/qui-som\\\/#breadcrumb\"},\"inLanguage\":\"ca\",\"potentialAction\":[{\"@type\":\"ReadAction\",\"target\":[\"https:\\\/\\\/lupsys.tech\\\/ca\\\/qui-som\\\/\"]}]},{\"@type\":\"BreadcrumbList\",\"@id\":\"https:\\\/\\\/lupsys.tech\\\/ca\\\/qui-som\\\/#breadcrumb\",\"itemListElement\":[{\"@type\":\"ListItem\",\"position\":1,\"name\":\"Home\",\"item\":\"https:\\\/\\\/lupsys.tech\\\/ca\\\/\"},{\"@type\":\"ListItem\",\"position\":2,\"name\":\"Qui som?\"}]},{\"@type\":\"WebSite\",\"@id\":\"https:\\\/\\\/lupsys.tech\\\/ca\\\/#website\",\"url\":\"https:\\\/\\\/lupsys.tech\\\/ca\\\/\",\"name\":\"Lupsys Technology\",\"description\":\"Innovaci\u00f3n tecnol\u00f3gica que impulsa tu futuro.\",\"publisher\":{\"@id\":\"https:\\\/\\\/lupsys.tech\\\/ca\\\/#organization\"},\"potentialAction\":[{\"@type\":\"SearchAction\",\"target\":{\"@type\":\"EntryPoint\",\"urlTemplate\":\"https:\\\/\\\/lupsys.tech\\\/ca\\\/?s={search_term_string}\"},\"query-input\":{\"@type\":\"PropertyValueSpecification\",\"valueRequired\":true,\"valueName\":\"search_term_string\"}}],\"inLanguage\":\"ca\"},{\"@type\":[\"Organization\",\"Place\"],\"@id\":\"https:\\\/\\\/lupsys.tech\\\/ca\\\/#organization\",\"name\":\"Lupsys Technology\",\"url\":\"https:\\\/\\\/lupsys.tech\\\/ca\\\/\",\"logo\":{\"@id\":\"https:\\\/\\\/lupsys.tech\\\/ca\\\/qui-som\\\/#local-main-organization-logo\"},\"image\":{\"@id\":\"https:\\\/\\\/lupsys.tech\\\/ca\\\/qui-som\\\/#local-main-organization-logo\"},\"sameAs\":[\"https:\\\/\\\/www.linkedin.com\\\/company\\\/105172500\"],\"description\":\"Lupsys Technology es una empresa especializada en el desarrollo de soluciones tecnol\u00f3gicas innovadoras para empresas. Ofrecemos servicios de desarrollo de software, consultor\u00eda en transformaci\u00f3n digital, inteligencia artificial y an\u00e1lisis de datos. Nuestro objetivo es ayudar a las empresas a optimizar sus procesos y mejorar su competitividad mediante tecnolog\u00eda de vanguardia.\",\"foundingDate\":\"2024-08-14\",\"numberOfEmployees\":{\"@type\":\"QuantitativeValue\",\"minValue\":\"1\",\"maxValue\":\"10\"},\"publishingPrinciples\":\"https:\\\/\\\/lupsys.tech\\\/\",\"ownershipFundingInfo\":\"https:\\\/\\\/lupsys.tech\\\/\",\"correctionsPolicy\":\"https:\\\/\\\/lupsys.tech\\\/aviso-legal\\\/\",\"ethicsPolicy\":\"https:\\\/\\\/lupsys.tech\\\/aviso-legal\\\/\",\"telephone\":[],\"contactPoint\":{\"@type\":\"ContactPoint\",\"telephone\":\"+34 611 68 63 88\",\"email\":\"info@lupsys.tech\"},\"openingHoursSpecification\":[{\"@type\":\"OpeningHoursSpecification\",\"dayOfWeek\":[\"Monday\",\"Tuesday\",\"Wednesday\",\"Thursday\",\"Friday\",\"Saturday\",\"Sunday\"],\"opens\":\"09:00\",\"closes\":\"17:00\"}],\"areaServed\":\"Espa\u00f1a\\\/Barcelona\"},{\"@type\":\"ImageObject\",\"inLanguage\":\"ca\",\"@id\":\"https:\\\/\\\/lupsys.tech\\\/ca\\\/qui-som\\\/#local-main-organization-logo\",\"url\":\"https:\\\/\\\/lupsys.tech\\\/wp-content\\\/uploads\\\/2024\\\/10\\\/logo-ledark2.png\",\"contentUrl\":\"https:\\\/\\\/lupsys.tech\\\/wp-content\\\/uploads\\\/2024\\\/10\\\/logo-ledark2.png\",\"width\":1920,\"height\":1080,\"caption\":\"Lupsys Technology\"}]}<\/script>\n<meta name=\"geo.region\" content=\"Espanya\" \/>\n<!-- \/ Yoast SEO Premium plugin. -->","yoast_head_json":{"title":"Qui som? - Lupsys Technology","robots":{"index":"index","follow":"follow","max-snippet":"max-snippet:-1","max-image-preview":"max-image-preview:large","max-video-preview":"max-video-preview:-1"},"canonical":"https:\/\/lupsys.tech\/ca\/qui-som\/","schema":{"@context":"https:\/\/schema.org","@graph":[{"@type":"WebPage","@id":"https:\/\/lupsys.tech\/ca\/qui-som\/","url":"https:\/\/lupsys.tech\/ca\/qui-som\/","name":"Qui som? - Lupsys Technology","isPartOf":{"@id":"https:\/\/lupsys.tech\/ca\/#website"},"datePublished":"2024-10-10T04:26:04+00:00","dateModified":"2025-07-17T16:28:09+00:00","breadcrumb":{"@id":"https:\/\/lupsys.tech\/ca\/qui-som\/#breadcrumb"},"inLanguage":"ca","potentialAction":[{"@type":"ReadAction","target":["https:\/\/lupsys.tech\/ca\/qui-som\/"]}]},{"@type":"BreadcrumbList","@id":"https:\/\/lupsys.tech\/ca\/qui-som\/#breadcrumb","itemListElement":[{"@type":"ListItem","position":1,"name":"Home","item":"https:\/\/lupsys.tech\/ca\/"},{"@type":"ListItem","position":2,"name":"Qui som?"}]},{"@type":"WebSite","@id":"https:\/\/lupsys.tech\/ca\/#website","url":"https:\/\/lupsys.tech\/ca\/","name":"Lupsys Technology","description":"Innovaci\u00f3n tecnol\u00f3gica que impulsa tu futuro.","publisher":{"@id":"https:\/\/lupsys.tech\/ca\/#organization"},"potentialAction":[{"@type":"SearchAction","target":{"@type":"EntryPoint","urlTemplate":"https:\/\/lupsys.tech\/ca\/?s={search_term_string}"},"query-input":{"@type":"PropertyValueSpecification","valueRequired":true,"valueName":"search_term_string"}}],"inLanguage":"ca"},{"@type":["Organization","Place"],"@id":"https:\/\/lupsys.tech\/ca\/#organization","name":"Lupsys Technology","url":"https:\/\/lupsys.tech\/ca\/","logo":{"@id":"https:\/\/lupsys.tech\/ca\/qui-som\/#local-main-organization-logo"},"image":{"@id":"https:\/\/lupsys.tech\/ca\/qui-som\/#local-main-organization-logo"},"sameAs":["https:\/\/www.linkedin.com\/company\/105172500"],"description":"Lupsys Technology es una empresa especializada en el desarrollo de soluciones tecnol\u00f3gicas innovadoras para empresas. Ofrecemos servicios de desarrollo de software, consultor\u00eda en transformaci\u00f3n digital, inteligencia artificial y an\u00e1lisis de datos. Nuestro objetivo es ayudar a las empresas a optimizar sus procesos y mejorar su competitividad mediante tecnolog\u00eda de vanguardia.","foundingDate":"2024-08-14","numberOfEmployees":{"@type":"QuantitativeValue","minValue":"1","maxValue":"10"},"publishingPrinciples":"https:\/\/lupsys.tech\/","ownershipFundingInfo":"https:\/\/lupsys.tech\/","correctionsPolicy":"https:\/\/lupsys.tech\/aviso-legal\/","ethicsPolicy":"https:\/\/lupsys.tech\/aviso-legal\/","telephone":[],"contactPoint":{"@type":"ContactPoint","telephone":"+34 611 68 63 88","email":"info@lupsys.tech"},"openingHoursSpecification":[{"@type":"OpeningHoursSpecification","dayOfWeek":["Monday","Tuesday","Wednesday","Thursday","Friday","Saturday","Sunday"],"opens":"09:00","closes":"17:00"}],"areaServed":"Espa\u00f1a\/Barcelona"},{"@type":"ImageObject","inLanguage":"ca","@id":"https:\/\/lupsys.tech\/ca\/qui-som\/#local-main-organization-logo","url":"https:\/\/lupsys.tech\/wp-content\/uploads\/2024\/10\/logo-ledark2.png","contentUrl":"https:\/\/lupsys.tech\/wp-content\/uploads\/2024\/10\/logo-ledark2.png","width":1920,"height":1080,"caption":"Lupsys Technology"}]},"geo.region":"Espanya"},"_links":{"self":[{"href":"https:\/\/lupsys.tech\/ca\/wp-json\/wp\/v2\/pages\/688","targetHints":{"allow":["GET"]}}],"collection":[{"href":"https:\/\/lupsys.tech\/ca\/wp-json\/wp\/v2\/pages"}],"about":[{"href":"https:\/\/lupsys.tech\/ca\/wp-json\/wp\/v2\/types\/page"}],"author":[{"embeddable":true,"href":"https:\/\/lupsys.tech\/ca\/wp-json\/wp\/v2\/users\/1"}],"replies":[{"embeddable":true,"href":"https:\/\/lupsys.tech\/ca\/wp-json\/wp\/v2\/comments?post=688"}],"version-history":[{"count":10,"href":"https:\/\/lupsys.tech\/ca\/wp-json\/wp\/v2\/pages\/688\/revisions"}],"predecessor-version":[{"id":1055,"href":"https:\/\/lupsys.tech\/ca\/wp-json\/wp\/v2\/pages\/688\/revisions\/1055"}],"wp:attachment":[{"href":"https:\/\/lupsys.tech\/ca\/wp-json\/wp\/v2\/media?parent=688"}],"curies":[{"name":"wp","href":"https:\/\/api.w.org\/{rel}","templated":true}]}}