{"id":689,"date":"2024-11-18T14:01:56","date_gmt":"2024-11-18T14:01:56","guid":{"rendered":"https:\/\/lupsys.tech\/avis-legal\/"},"modified":"2024-11-18T14:01:56","modified_gmt":"2024-11-18T14:01:56","slug":"avis-legal","status":"publish","type":"page","link":"https:\/\/lupsys.tech\/ca\/avis-legal\/","title":{"rendered":"Av\u00eds legal"},"content":{"rendered":"\n<h2 class=\"wp-block-heading\"><strong>1. Informaci\u00f3 General<\/strong><\/h2>\n\n\n\n<p>En compliment amb el deure informaci\u00f3 recollit a l&#8217;article 10 de la Llei 34\/2002, d&#8217;11 de juliol, de Serveis de la Societat de la Informaci\u00f3 i de Comer\u00e7 Electr\u00f2nic (LSSICE), s&#8217;informa que el titular d&#8217;aquest web \u00e9s:<\/p>\n\n\n\n<ul class=\"wp-block-list\">\n<li><strong>Titular<\/strong> : Lupsys Technology, SL<\/li>\n\n\n\n<li><strong>CIF\/NIF<\/strong> : B19353911<\/li>\n\n\n\n<li><strong>Correu Electr\u00f2nic<\/strong> : info@lupsys.tech<\/li>\n<\/ul>\n\n\n\n<h2 class=\"wp-block-heading\"><strong>2. Condicions d&#8217;\u00fas<\/strong><\/h2>\n\n\n\n<p>L&#8217;acc\u00e9s i l&#8217;\u00fas d&#8217;aquest web atribueix la condici\u00f3 d&#8217; <strong>Usuari<\/strong> , la qual cosa implica l&#8217;acceptaci\u00f3 plena i sense reserves de totes les disposicions incloses en aquest Av\u00eds Legal. L&#8217;usuari es compromet a fer un \u00fas adequat del lloc web i els seus continguts d&#8217;acord amb la legislaci\u00f3 vigent, la moral i l&#8217;ordre p\u00fablic.<\/p>\n\n\n\n<p>Queda prohibit l\u00fas del lloc web amb fins il\u00b7l\u00edcits o lesius, aix\u00ed com qualsevol forma que pugui causar danys o impedir el funcionament normal del lloc.<\/p>\n\n\n\n<h2 class=\"wp-block-heading\"><strong>3. Propietat Intel\u00b7lectual i Industrial<\/strong><\/h2>\n\n\n\n<p>Tots els continguts del lloc web (textos, imatges, gr\u00e0fics, logotips, icones, programari, etc.) s\u00f3n propietat del titular o, si escau, disposa de llic\u00e8ncia o autoritzaci\u00f3 expressa dels autors.<\/p>\n\n\n\n<p>Queda prohibida la reproducci\u00f3, distribuci\u00f3 o modificaci\u00f3 total o parcial dels continguts sense autoritzaci\u00f3 pr\u00e8via i expressa del titular.<\/p>\n\n\n\n<h2 class=\"wp-block-heading\"><strong>4. Protecci\u00f3 de dades personals<\/strong><\/h2>\n\n\n\n<p>El titular compleix la normativa vigent en mat\u00e8ria de protecci\u00f3 de dades (Reglament (UE) 2016\/679 i la Llei Org\u00e0nica 3\/2018 de Protecci\u00f3 de Dades Personals i Garantia dels Drets Digitals).<\/p>\n\n\n\n<p>Les dades personals demanades a trav\u00e9s del web seran tractades d&#8217;acord amb el que estableix la nostra [Pol\u00edtica de Privadesa], on s&#8217;explica com i amb quina finalitat es recopilen, emmagatzemen i protegeixen les dades personals.<\/p>\n\n\n\n<h2 class=\"wp-block-heading\"><strong>5. Responsabilitat<\/strong><\/h2>\n\n\n\n<p>El titular no es fa responsable dels danys i perjudicis que es puguin derivar de l&#8217;\u00fas de la informaci\u00f3 i els continguts d&#8217;aquesta web. Tampoc no garanteix la disponibilitat i continu\u00eftat del lloc, ni l&#8217;abs\u00e8ncia d&#8217;errors en els continguts.<\/p>\n\n\n\n<p>Aix\u00ed mateix, es reserva el dret de modificar, suspendre o interrompre en qualsevol moment els serveis o continguts del lloc web sense necessitat de previ av\u00eds.<\/p>\n\n\n\n<h2 class=\"wp-block-heading\"><strong>6. Enlla\u00e7os a Tercers<\/strong><\/h2>\n\n\n\n<p>Aquest lloc web pot contenir enlla\u00e7os a llocs web de tercers. El titular no es fa responsable dels continguts, pol\u00edtiques de privadesa o pr\u00e0ctiques d&#8217;aquests llocs.<\/p>\n\n\n\n<h2 class=\"wp-block-heading\"><strong>7. Legislaci\u00f3 i Jurisdicci\u00f3 Aplicable<\/strong><\/h2>\n\n\n\n<p>Aquest Av\u00eds Legal es regeix per la legislaci\u00f3 espanyola. Qualsevol controv\u00e8rsia derivada de l&#8217;acc\u00e9s o l&#8217;\u00fas d&#8217;aquest web ser\u00e0 sotmesa als jutjats i tribunals de Barcelona, \u200b\u200bllevat que la normativa de protecci\u00f3 de consumidors i usuaris estableixi un altre f\u00f2rum aplicable.<\/p>\n","protected":false},"excerpt":{"rendered":"<p>1. Informaci\u00f3 General En compliment amb el deure informaci\u00f3 recollit a l&#8217;article 10 de la Llei 34\/2002, d&#8217;11 de juliol, de Serveis de la Societat de la Informaci\u00f3 i de Comer\u00e7 Electr\u00f2nic (LSSICE), s&#8217;informa que el titular d&#8217;aquest web \u00e9s: 2. Condicions d&#8217;\u00fas L&#8217;acc\u00e9s i l&#8217;\u00fas d&#8217;aquest web atribueix la condici\u00f3 d&#8217; Usuari , la [&hellip;]<\/p>\n","protected":false},"author":1,"featured_media":0,"parent":0,"menu_order":0,"comment_status":"closed","ping_status":"closed","template":"","meta":{"_et_pb_use_builder":"off","_et_pb_old_content":"","_et_gb_content_width":"","iawp_total_views":1,"footnotes":""},"class_list":["post-689","page","type-page","status-publish","hentry"],"yoast_head":"<!-- This site is optimized with the Yoast SEO Premium plugin v26.1 (Yoast SEO v27.3) - https:\/\/yoast.com\/product\/yoast-seo-premium-wordpress\/ -->\n<title>Av\u00eds legal - Lupsys Technology<\/title>\n<meta name=\"robots\" content=\"noindex, nofollow\" \/>\n<script type=\"application\/ld+json\" class=\"yoast-schema-graph\">{\"@context\":\"https:\\\/\\\/schema.org\",\"@graph\":[{\"@type\":\"WebPage\",\"@id\":\"https:\\\/\\\/lupsys.tech\\\/ca\\\/avis-legal\\\/\",\"url\":\"https:\\\/\\\/lupsys.tech\\\/ca\\\/avis-legal\\\/\",\"name\":\"Av\u00eds legal - Lupsys Technology\",\"isPartOf\":{\"@id\":\"https:\\\/\\\/lupsys.tech\\\/ca\\\/#website\"},\"datePublished\":\"2024-11-18T14:01:56+00:00\",\"breadcrumb\":{\"@id\":\"https:\\\/\\\/lupsys.tech\\\/ca\\\/avis-legal\\\/#breadcrumb\"},\"inLanguage\":\"ca\",\"potentialAction\":[{\"@type\":\"ReadAction\",\"target\":[\"https:\\\/\\\/lupsys.tech\\\/ca\\\/avis-legal\\\/\"]}]},{\"@type\":\"BreadcrumbList\",\"@id\":\"https:\\\/\\\/lupsys.tech\\\/ca\\\/avis-legal\\\/#breadcrumb\",\"itemListElement\":[{\"@type\":\"ListItem\",\"position\":1,\"name\":\"Home\",\"item\":\"https:\\\/\\\/lupsys.tech\\\/ca\\\/\"},{\"@type\":\"ListItem\",\"position\":2,\"name\":\"Av\u00eds legal\"}]},{\"@type\":\"WebSite\",\"@id\":\"https:\\\/\\\/lupsys.tech\\\/ca\\\/#website\",\"url\":\"https:\\\/\\\/lupsys.tech\\\/ca\\\/\",\"name\":\"Lupsys Technology\",\"description\":\"Innovaci\u00f3n tecnol\u00f3gica que impulsa tu futuro.\",\"publisher\":{\"@id\":\"https:\\\/\\\/lupsys.tech\\\/ca\\\/#organization\"},\"potentialAction\":[{\"@type\":\"SearchAction\",\"target\":{\"@type\":\"EntryPoint\",\"urlTemplate\":\"https:\\\/\\\/lupsys.tech\\\/ca\\\/?s={search_term_string}\"},\"query-input\":{\"@type\":\"PropertyValueSpecification\",\"valueRequired\":true,\"valueName\":\"search_term_string\"}}],\"inLanguage\":\"ca\"},{\"@type\":[\"Organization\",\"Place\"],\"@id\":\"https:\\\/\\\/lupsys.tech\\\/ca\\\/#organization\",\"name\":\"Lupsys Technology\",\"url\":\"https:\\\/\\\/lupsys.tech\\\/ca\\\/\",\"logo\":{\"@id\":\"https:\\\/\\\/lupsys.tech\\\/ca\\\/avis-legal\\\/#local-main-organization-logo\"},\"image\":{\"@id\":\"https:\\\/\\\/lupsys.tech\\\/ca\\\/avis-legal\\\/#local-main-organization-logo\"},\"sameAs\":[\"https:\\\/\\\/www.linkedin.com\\\/company\\\/105172500\"],\"description\":\"Lupsys Technology es una empresa especializada en el desarrollo de soluciones tecnol\u00f3gicas innovadoras para empresas. Ofrecemos servicios de desarrollo de software, consultor\u00eda en transformaci\u00f3n digital, inteligencia artificial y an\u00e1lisis de datos. Nuestro objetivo es ayudar a las empresas a optimizar sus procesos y mejorar su competitividad mediante tecnolog\u00eda de vanguardia.\",\"foundingDate\":\"2024-08-14\",\"numberOfEmployees\":{\"@type\":\"QuantitativeValue\",\"minValue\":\"1\",\"maxValue\":\"10\"},\"publishingPrinciples\":\"https:\\\/\\\/lupsys.tech\\\/\",\"ownershipFundingInfo\":\"https:\\\/\\\/lupsys.tech\\\/\",\"correctionsPolicy\":\"https:\\\/\\\/lupsys.tech\\\/aviso-legal\\\/\",\"ethicsPolicy\":\"https:\\\/\\\/lupsys.tech\\\/aviso-legal\\\/\",\"telephone\":[],\"contactPoint\":{\"@type\":\"ContactPoint\",\"telephone\":\"+34 611 68 63 88\",\"email\":\"info@lupsys.tech\"},\"openingHoursSpecification\":[{\"@type\":\"OpeningHoursSpecification\",\"dayOfWeek\":[\"Monday\",\"Tuesday\",\"Wednesday\",\"Thursday\",\"Friday\",\"Saturday\",\"Sunday\"],\"opens\":\"09:00\",\"closes\":\"17:00\"}],\"areaServed\":\"Espa\u00f1a\\\/Barcelona\"},{\"@type\":\"ImageObject\",\"inLanguage\":\"ca\",\"@id\":\"https:\\\/\\\/lupsys.tech\\\/ca\\\/avis-legal\\\/#local-main-organization-logo\",\"url\":\"https:\\\/\\\/lupsys.tech\\\/wp-content\\\/uploads\\\/2024\\\/10\\\/logo-ledark2.png\",\"contentUrl\":\"https:\\\/\\\/lupsys.tech\\\/wp-content\\\/uploads\\\/2024\\\/10\\\/logo-ledark2.png\",\"width\":1920,\"height\":1080,\"caption\":\"Lupsys Technology\"}]}<\/script>\n<meta name=\"geo.region\" content=\"Espanya\" \/>\n<!-- \/ Yoast SEO Premium plugin. -->","yoast_head_json":{"title":"Av\u00eds legal - Lupsys Technology","robots":{"index":"noindex","follow":"nofollow"},"schema":{"@context":"https:\/\/schema.org","@graph":[{"@type":"WebPage","@id":"https:\/\/lupsys.tech\/ca\/avis-legal\/","url":"https:\/\/lupsys.tech\/ca\/avis-legal\/","name":"Av\u00eds legal - Lupsys Technology","isPartOf":{"@id":"https:\/\/lupsys.tech\/ca\/#website"},"datePublished":"2024-11-18T14:01:56+00:00","breadcrumb":{"@id":"https:\/\/lupsys.tech\/ca\/avis-legal\/#breadcrumb"},"inLanguage":"ca","potentialAction":[{"@type":"ReadAction","target":["https:\/\/lupsys.tech\/ca\/avis-legal\/"]}]},{"@type":"BreadcrumbList","@id":"https:\/\/lupsys.tech\/ca\/avis-legal\/#breadcrumb","itemListElement":[{"@type":"ListItem","position":1,"name":"Home","item":"https:\/\/lupsys.tech\/ca\/"},{"@type":"ListItem","position":2,"name":"Av\u00eds legal"}]},{"@type":"WebSite","@id":"https:\/\/lupsys.tech\/ca\/#website","url":"https:\/\/lupsys.tech\/ca\/","name":"Lupsys Technology","description":"Innovaci\u00f3n tecnol\u00f3gica que impulsa tu futuro.","publisher":{"@id":"https:\/\/lupsys.tech\/ca\/#organization"},"potentialAction":[{"@type":"SearchAction","target":{"@type":"EntryPoint","urlTemplate":"https:\/\/lupsys.tech\/ca\/?s={search_term_string}"},"query-input":{"@type":"PropertyValueSpecification","valueRequired":true,"valueName":"search_term_string"}}],"inLanguage":"ca"},{"@type":["Organization","Place"],"@id":"https:\/\/lupsys.tech\/ca\/#organization","name":"Lupsys Technology","url":"https:\/\/lupsys.tech\/ca\/","logo":{"@id":"https:\/\/lupsys.tech\/ca\/avis-legal\/#local-main-organization-logo"},"image":{"@id":"https:\/\/lupsys.tech\/ca\/avis-legal\/#local-main-organization-logo"},"sameAs":["https:\/\/www.linkedin.com\/company\/105172500"],"description":"Lupsys Technology es una empresa especializada en el desarrollo de soluciones tecnol\u00f3gicas innovadoras para empresas. Ofrecemos servicios de desarrollo de software, consultor\u00eda en transformaci\u00f3n digital, inteligencia artificial y an\u00e1lisis de datos. Nuestro objetivo es ayudar a las empresas a optimizar sus procesos y mejorar su competitividad mediante tecnolog\u00eda de vanguardia.","foundingDate":"2024-08-14","numberOfEmployees":{"@type":"QuantitativeValue","minValue":"1","maxValue":"10"},"publishingPrinciples":"https:\/\/lupsys.tech\/","ownershipFundingInfo":"https:\/\/lupsys.tech\/","correctionsPolicy":"https:\/\/lupsys.tech\/aviso-legal\/","ethicsPolicy":"https:\/\/lupsys.tech\/aviso-legal\/","telephone":[],"contactPoint":{"@type":"ContactPoint","telephone":"+34 611 68 63 88","email":"info@lupsys.tech"},"openingHoursSpecification":[{"@type":"OpeningHoursSpecification","dayOfWeek":["Monday","Tuesday","Wednesday","Thursday","Friday","Saturday","Sunday"],"opens":"09:00","closes":"17:00"}],"areaServed":"Espa\u00f1a\/Barcelona"},{"@type":"ImageObject","inLanguage":"ca","@id":"https:\/\/lupsys.tech\/ca\/avis-legal\/#local-main-organization-logo","url":"https:\/\/lupsys.tech\/wp-content\/uploads\/2024\/10\/logo-ledark2.png","contentUrl":"https:\/\/lupsys.tech\/wp-content\/uploads\/2024\/10\/logo-ledark2.png","width":1920,"height":1080,"caption":"Lupsys Technology"}]},"geo.region":"Espanya"},"_links":{"self":[{"href":"https:\/\/lupsys.tech\/ca\/wp-json\/wp\/v2\/pages\/689","targetHints":{"allow":["GET"]}}],"collection":[{"href":"https:\/\/lupsys.tech\/ca\/wp-json\/wp\/v2\/pages"}],"about":[{"href":"https:\/\/lupsys.tech\/ca\/wp-json\/wp\/v2\/types\/page"}],"author":[{"embeddable":true,"href":"https:\/\/lupsys.tech\/ca\/wp-json\/wp\/v2\/users\/1"}],"replies":[{"embeddable":true,"href":"https:\/\/lupsys.tech\/ca\/wp-json\/wp\/v2\/comments?post=689"}],"version-history":[{"count":0,"href":"https:\/\/lupsys.tech\/ca\/wp-json\/wp\/v2\/pages\/689\/revisions"}],"wp:attachment":[{"href":"https:\/\/lupsys.tech\/ca\/wp-json\/wp\/v2\/media?parent=689"}],"curies":[{"name":"wp","href":"https:\/\/api.w.org\/{rel}","templated":true}]}}