{"id":691,"date":"2025-02-21T06:33:56","date_gmt":"2025-02-21T06:33:56","guid":{"rendered":"https:\/\/lupsys.tech\/contacte\/"},"modified":"2025-02-21T06:33:56","modified_gmt":"2025-02-21T06:33:56","slug":"contacte","status":"publish","type":"page","link":"https:\/\/lupsys.tech\/ca\/contacte\/","title":{"rendered":"Contacte"},"content":{"rendered":"<p>[et_pb_section fb_built=&#8221;1&#8243; _builder_version=&#8221;4.27.4&#8243; _module_preset=&#8221;default&#8221; global_colors_info=&#8221;{}&#8221;][et_pb_row column_structure=&#8221;1_2,1_2&#8243; _builder_version=&#8221;4.27.4&#8243; _module_preset=&#8221;default&#8221; max_width=&#8221;90%&#8221; hover_enabled=&#8221;0&#8243; global_colors_info=&#8221;{}&#8221; custom_padding=&#8221;||0px||false|false&#8221; custom_margin=&#8221;||0px||false|false&#8221; sticky_enabled=&#8221;0&#8243;][et_pb_column type=&#8221;1_2&#8243; _builder_version=&#8221;4.27.4&#8243; _module_preset=&#8221;default&#8221; global_colors_info=&#8221;{}&#8221;][et_pb_text _builder_version=&#8221;4.27.4&#8243; _module_preset=&#8221;default&#8221; text_font=&#8221;||||||||&#8221; text_font_size=&#8221;18px&#8221; hover_enabled=&#8221;0&#8243; global_colors_info=&#8221;{}&#8221; custom_margin=&#8221;|||11px|false|false&#8221; sticky_enabled=&#8221;0&#8243;]<\/p>\n<p>\u00bf Tens alguna pregunta, comentari o suggeriment? Estem aqu\u00ed per ajudar-te. \u00c9s r\u00e0pid i f\u00e0cil!   <\/p>\n<p>[\/et_pb_text][\/et_pb_column][et_pb_column type=&#8221;1_2&#8243; _builder_version=&#8221;4.27.4&#8243; _module_preset=&#8221;default&#8221; global_colors_info=&#8221;{}&#8221;][et_pb_text _builder_version=&#8221;4.27.4&#8243; _module_preset=&#8221;default&#8221; global_colors_info=&#8221;{}&#8221;]<\/p>\n<h3>Prefereixes contactar directament?<\/h3>\n<p><strong>\ud83d\udcde Per tel\u00e8fon:<\/strong> +34 611 68 63 88<\/p>\n<p><strong>\ud83d\udce7 Per correu electr\u00f2nic:<\/strong> <a href=\"mailto:info@lupsys.tech\">info@lupsys.ctech<\/a>[\/et_pb_text][\/et_pb_column][\/et_pb_row][et_pb_row _builder_version=&#8221;4.27.4&#8243; _module_preset=&#8221;default&#8221; custom_padding=&#8221;0px||||false|false&#8221; hover_enabled=&#8221;0&#8243; sticky_enabled=&#8221;0&#8243; max_width=&#8221;90%&#8221;][et_pb_column _builder_version=&#8221;4.27.4&#8243; _module_preset=&#8221;default&#8221; type=&#8221;4_4&#8243;][wpforms_selector form_id=&#8221;491&#8243; show_title=&#8221;off&#8221; show_desc=&#8221;off&#8221; _builder_version=&#8221;4.27.4&#8243; _module_preset=&#8221;default&#8221; hover_enabled=&#8221;0&#8243; custom_css_free_form=&#8221;\/*form container*\/||.wpforms-form { ||  background-color: #fff; ||  border-radius: 8px !important; ||}||\/*etiquetas*\/||.wpforms-field label { ||  font-weight: bold !important;||  color: yellowgreen !important; ||  margin-bottom: 15px!important; ||  border-radius: 8px!important; ||}||\/*fields*\/||div.wpforms-container-full .wpforms-form input%91type=email%93,||div.wpforms-container-full .wpforms-form input%91type=range%93,||div.wpforms-container-full .wpforms-form input%91type=search%93,||div.wpforms-container-full .wpforms-form input%91type=tel%93,||div.wpforms-container-full .wpforms-form input%91type=text%93,||div.wpforms-container-full .wpforms-form select,||div.wpforms-container-full .wpforms-form textarea {||  padding: 15px !important;|| border: 1px solid #dedede;|| border-radius: 20px; ||}||\/*boton de envio*\/||div.wpforms-container-full .wpforms-form button%91type=submit%93 {||  margin: 0 auto;||  display: block !important;|| width: 100% !important;|| border-radius: 15px !important;|| font-weight:bold;|| color: #dedede !important;|| background-color: green !important;||}||\/*captcha*\/||.grecaptcha-badge {||  width: 70px !important;||  overflow: hidden !important;||  transition: all 0.3s ease !important;||  left: 4px !important;||}||.grecaptcha-badge:hover {||  width: 256px !important;||}||&#8221; global_colors_info=&#8221;{}&#8221; width__hover_enabled=&#8221;off|desktop&#8221; sticky_enabled=&#8221;0&#8243; custom_margin=&#8221;||||false|false&#8221; custom_padding=&#8221;0px||||false|false&#8221; max_width=&#8221;76%&#8221;][\/wpforms_selector][\/et_pb_column][\/et_pb_row][\/et_pb_section]<\/p>\n","protected":false},"excerpt":{"rendered":"<p>\u00bf Tens alguna pregunta, comentari o suggeriment? Estem aqu\u00ed per ajudar-te. \u00c9s r\u00e0pid i f\u00e0cil! Prefereixes contactar directament? \ud83d\udcde Per tel\u00e8fon: +34 611 68 63 88 \ud83d\udce7 Per correu electr\u00f2nic: info@lupsys.ctech<div class=\"et_pb_module wpforms_selector wpforms_selector_0\">\n\t\t\t\t\n\t\t\t\t\n\t\t\t\t\n\t\t\t\t\n\t\t\t\t\n\t\t\t\t\n\t\t\t\t<div class=\"et_pb_module_inner\">\n\t\t\t\t\t<div class=\"wpforms-container wpforms-container-full wpforms-render-modern\" id=\"wpforms-491\"><form id=\"wpforms-form-491\" class=\"wpforms-validate wpforms-form wpforms-ajax-form\" data-formid=\"491\" method=\"post\" enctype=\"multipart\/form-data\" action=\"\/ca\/wp-json\/wp\/v2\/pages\/691\" data-token=\"d76b7fa675fb55f63de8801805671d41\" data-token-time=\"1778071144\"><noscript class=\"wpforms-error-noscript\">Activeu el JavaScript al navegador per a poder completar el formulari.<\/noscript><div class=\"wpforms-hidden\" id=\"wpforms-error-noscript\">Activeu el JavaScript al navegador per a poder completar el formulari.<\/div><div class=\"wpforms-field-container\"><div id=\"wpforms-491-field_1-container\" class=\"wpforms-field wpforms-field-name\" data-field-id=\"1\"><fieldset><legend class=\"wpforms-field-label wpforms-label-hide\" aria-hidden=\"false\">Nombre <span class=\"wpforms-required-label\" aria-hidden=\"true\">*<\/span><\/legend><div class=\"wpforms-field-row wpforms-field-medium\"><div class=\"wpforms-field-row-block wpforms-first wpforms-one-half\"><input type=\"text\" id=\"wpforms-491-field_1\" class=\"wpforms-field-name-first wpforms-field-required\" name=\"wpforms[fields][1][first]\" placeholder=\"Nombre *\" aria-errormessage=\"wpforms-491-field_1-error\" required><label for=\"wpforms-491-field_1\" class=\"wpforms-field-sublabel after wpforms-sublabel-hide\">Nom<\/label><\/div><div class=\"wpforms-field-row-block wpforms-one-half\"><input type=\"text\" id=\"wpforms-491-field_1-last\" class=\"wpforms-field-name-last wpforms-field-required\" name=\"wpforms[fields][1][last]\" placeholder=\"Apellidos *\" aria-errormessage=\"wpforms-491-field_1-last-error\" required><label for=\"wpforms-491-field_1-last\" class=\"wpforms-field-sublabel after wpforms-sublabel-hide\">Cognoms<\/label><\/div><\/div><\/fieldset><\/div><div id=\"wpforms-491-field_6-container\" class=\"wpforms-field wpforms-field-phone\" data-field-id=\"6\"><label class=\"wpforms-field-label wpforms-label-hide\" for=\"wpforms-491-field_6\" aria-hidden=\"false\">Tel\u00e9fono<\/label><input type=\"tel\" id=\"wpforms-491-field_6\" class=\"wpforms-field-small\" data-rule-int-phone-field=\"true\" name=\"wpforms[fields][6]\" placeholder=\"Tel\u00e9fono\" aria-label=\"Tel\u00e9fono\" aria-errormessage=\"wpforms-491-field_6-error\" ><\/div><div id=\"wpforms-491-field_2-container\" class=\"wpforms-field wpforms-field-email\" data-field-id=\"2\"><label class=\"wpforms-field-label wpforms-label-hide\" for=\"wpforms-491-field_2\" aria-hidden=\"false\">Email <span class=\"wpforms-required-label\" aria-hidden=\"true\">*<\/span><\/label><input type=\"email\" id=\"wpforms-491-field_2\" class=\"wpforms-field-medium wpforms-field-required\" name=\"wpforms[fields][2]\" placeholder=\"Email *\" spellcheck=\"false\" aria-errormessage=\"wpforms-491-field_2-error\" required><\/div><div id=\"wpforms-491-field_9-container\" class=\"wpforms-field wpforms-field-text\" data-field-id=\"9\"><label class=\"wpforms-field-label wpforms-label-hide\" for=\"wpforms-491-field_9\" aria-hidden=\"false\">Asunto: <span class=\"wpforms-required-label\" aria-hidden=\"true\">*<\/span><\/label><input type=\"text\" id=\"wpforms-491-field_9\" class=\"wpforms-field-medium wpforms-field-required\" name=\"wpforms[fields][9]\" placeholder=\"Asunto: *\" aria-errormessage=\"wpforms-491-field_9-error\" required><\/div><div id=\"wpforms-491-field_3-container\" class=\"wpforms-field wpforms-field-textarea\" data-field-id=\"3\"><label class=\"wpforms-field-label\" for=\"wpforms-491-field_3\">Mensaje <span class=\"wpforms-required-label\" aria-hidden=\"true\">*<\/span><\/label><textarea id=\"wpforms-491-field_3\" class=\"wpforms-field-medium wpforms-field-required\" name=\"wpforms[fields][3]\" placeholder=\"\u00bfEn que puedo ayudarte?\" aria-errormessage=\"wpforms-491-field_3-error\" required><\/textarea><\/div><\/div><!-- .wpforms-field-container --><div class=\"wpforms-submit-container\" ><input type=\"hidden\" name=\"wpforms[id]\" value=\"491\"><input type=\"hidden\" name=\"page_title\" value=\"\"><input type=\"hidden\" name=\"page_url\" value=\"https:\/\/lupsys.tech\/ca\/wp-json\/wp\/v2\/pages\/691\"><button type=\"submit\" name=\"wpforms[submit]\" id=\"wpforms-submit-491\" class=\"wpforms-submit\" data-alt-text=\"Enviando...\" data-submit-text=\"Enviar\" aria-live=\"assertive\" value=\"wpforms-submit\">Enviar<\/button><img decoding=\"async\" data-src=\"https:\/\/lupsys.tech\/wp-content\/plugins\/wpforms\/assets\/images\/submit-spin.svg\" class=\"wpforms-submit-spinner lazyload\" style=\"--smush-placeholder-width: 26px; --smush-placeholder-aspect-ratio: 26\/26;display: none;\" width=\"26\" height=\"26\" alt=\"S&#039;est\u00e0 carregant\" src=\"data:image\/svg+xml;base64,PHN2ZyB3aWR0aD0iMSIgaGVpZ2h0PSIxIiB4bWxucz0iaHR0cDovL3d3dy53My5vcmcvMjAwMC9zdmciPjwvc3ZnPg==\"><\/div><\/form><\/div>  <!-- .wpforms-container -->\n\t\t\t\t<\/div>\n\t\t\t<\/div><\/p>\n","protected":false},"author":1,"featured_media":0,"parent":0,"menu_order":0,"comment_status":"closed","ping_status":"closed","template":"","meta":{"_et_pb_use_builder":"on","_et_pb_old_content":"","_et_gb_content_width":"","iawp_total_views":26,"footnotes":""},"class_list":["post-691","page","type-page","status-publish","hentry"],"yoast_head":"<!-- This site is optimized with the Yoast SEO Premium plugin v26.1 (Yoast SEO v27.3) - https:\/\/yoast.com\/product\/yoast-seo-premium-wordpress\/ -->\n<title>Contacte - Lupsys Technology<\/title>\n<meta name=\"robots\" content=\"index, follow, max-snippet:-1, max-image-preview:large, max-video-preview:-1\" \/>\n<link rel=\"canonical\" href=\"https:\/\/lupsys.tech\/ca\/contacte\/\" \/>\n<script type=\"application\/ld+json\" class=\"yoast-schema-graph\">{\"@context\":\"https:\\\/\\\/schema.org\",\"@graph\":[{\"@type\":\"WebPage\",\"@id\":\"https:\\\/\\\/lupsys.tech\\\/ca\\\/contacte\\\/\",\"url\":\"https:\\\/\\\/lupsys.tech\\\/ca\\\/contacte\\\/\",\"name\":\"Contacte - Lupsys Technology\",\"isPartOf\":{\"@id\":\"https:\\\/\\\/lupsys.tech\\\/ca\\\/#website\"},\"datePublished\":\"2025-02-21T06:33:56+00:00\",\"breadcrumb\":{\"@id\":\"https:\\\/\\\/lupsys.tech\\\/ca\\\/contacte\\\/#breadcrumb\"},\"inLanguage\":\"ca\",\"potentialAction\":[{\"@type\":\"ReadAction\",\"target\":[\"https:\\\/\\\/lupsys.tech\\\/ca\\\/contacte\\\/\"]}]},{\"@type\":\"BreadcrumbList\",\"@id\":\"https:\\\/\\\/lupsys.tech\\\/ca\\\/contacte\\\/#breadcrumb\",\"itemListElement\":[{\"@type\":\"ListItem\",\"position\":1,\"name\":\"Home\",\"item\":\"https:\\\/\\\/lupsys.tech\\\/ca\\\/\"},{\"@type\":\"ListItem\",\"position\":2,\"name\":\"Contacte\"}]},{\"@type\":\"WebSite\",\"@id\":\"https:\\\/\\\/lupsys.tech\\\/ca\\\/#website\",\"url\":\"https:\\\/\\\/lupsys.tech\\\/ca\\\/\",\"name\":\"Lupsys Technology\",\"description\":\"Innovaci\u00f3n tecnol\u00f3gica que impulsa tu futuro.\",\"publisher\":{\"@id\":\"https:\\\/\\\/lupsys.tech\\\/ca\\\/#organization\"},\"potentialAction\":[{\"@type\":\"SearchAction\",\"target\":{\"@type\":\"EntryPoint\",\"urlTemplate\":\"https:\\\/\\\/lupsys.tech\\\/ca\\\/?s={search_term_string}\"},\"query-input\":{\"@type\":\"PropertyValueSpecification\",\"valueRequired\":true,\"valueName\":\"search_term_string\"}}],\"inLanguage\":\"ca\"},{\"@type\":[\"Organization\",\"Place\"],\"@id\":\"https:\\\/\\\/lupsys.tech\\\/ca\\\/#organization\",\"name\":\"Lupsys Technology\",\"url\":\"https:\\\/\\\/lupsys.tech\\\/ca\\\/\",\"logo\":{\"@id\":\"https:\\\/\\\/lupsys.tech\\\/ca\\\/contacte\\\/#local-main-organization-logo\"},\"image\":{\"@id\":\"https:\\\/\\\/lupsys.tech\\\/ca\\\/contacte\\\/#local-main-organization-logo\"},\"sameAs\":[\"https:\\\/\\\/www.linkedin.com\\\/company\\\/105172500\"],\"description\":\"Lupsys Technology es una empresa especializada en el desarrollo de soluciones tecnol\u00f3gicas innovadoras para empresas. Ofrecemos servicios de desarrollo de software, consultor\u00eda en transformaci\u00f3n digital, inteligencia artificial y an\u00e1lisis de datos. Nuestro objetivo es ayudar a las empresas a optimizar sus procesos y mejorar su competitividad mediante tecnolog\u00eda de vanguardia.\",\"foundingDate\":\"2024-08-14\",\"numberOfEmployees\":{\"@type\":\"QuantitativeValue\",\"minValue\":\"1\",\"maxValue\":\"10\"},\"publishingPrinciples\":\"https:\\\/\\\/lupsys.tech\\\/\",\"ownershipFundingInfo\":\"https:\\\/\\\/lupsys.tech\\\/\",\"correctionsPolicy\":\"https:\\\/\\\/lupsys.tech\\\/aviso-legal\\\/\",\"ethicsPolicy\":\"https:\\\/\\\/lupsys.tech\\\/aviso-legal\\\/\",\"telephone\":[],\"contactPoint\":{\"@type\":\"ContactPoint\",\"telephone\":\"+34 611 68 63 88\",\"email\":\"info@lupsys.tech\"},\"openingHoursSpecification\":[{\"@type\":\"OpeningHoursSpecification\",\"dayOfWeek\":[\"Monday\",\"Tuesday\",\"Wednesday\",\"Thursday\",\"Friday\",\"Saturday\",\"Sunday\"],\"opens\":\"09:00\",\"closes\":\"17:00\"}],\"areaServed\":\"Espa\u00f1a\\\/Barcelona\"},{\"@type\":\"ImageObject\",\"inLanguage\":\"ca\",\"@id\":\"https:\\\/\\\/lupsys.tech\\\/ca\\\/contacte\\\/#local-main-organization-logo\",\"url\":\"https:\\\/\\\/lupsys.tech\\\/wp-content\\\/uploads\\\/2024\\\/10\\\/logo-ledark2.png\",\"contentUrl\":\"https:\\\/\\\/lupsys.tech\\\/wp-content\\\/uploads\\\/2024\\\/10\\\/logo-ledark2.png\",\"width\":1920,\"height\":1080,\"caption\":\"Lupsys Technology\"}]}<\/script>\n<meta name=\"geo.region\" content=\"Espanya\" \/>\n<!-- \/ Yoast SEO Premium plugin. -->","yoast_head_json":{"title":"Contacte - Lupsys Technology","robots":{"index":"index","follow":"follow","max-snippet":"max-snippet:-1","max-image-preview":"max-image-preview:large","max-video-preview":"max-video-preview:-1"},"canonical":"https:\/\/lupsys.tech\/ca\/contacte\/","schema":{"@context":"https:\/\/schema.org","@graph":[{"@type":"WebPage","@id":"https:\/\/lupsys.tech\/ca\/contacte\/","url":"https:\/\/lupsys.tech\/ca\/contacte\/","name":"Contacte - Lupsys Technology","isPartOf":{"@id":"https:\/\/lupsys.tech\/ca\/#website"},"datePublished":"2025-02-21T06:33:56+00:00","breadcrumb":{"@id":"https:\/\/lupsys.tech\/ca\/contacte\/#breadcrumb"},"inLanguage":"ca","potentialAction":[{"@type":"ReadAction","target":["https:\/\/lupsys.tech\/ca\/contacte\/"]}]},{"@type":"BreadcrumbList","@id":"https:\/\/lupsys.tech\/ca\/contacte\/#breadcrumb","itemListElement":[{"@type":"ListItem","position":1,"name":"Home","item":"https:\/\/lupsys.tech\/ca\/"},{"@type":"ListItem","position":2,"name":"Contacte"}]},{"@type":"WebSite","@id":"https:\/\/lupsys.tech\/ca\/#website","url":"https:\/\/lupsys.tech\/ca\/","name":"Lupsys Technology","description":"Innovaci\u00f3n tecnol\u00f3gica que impulsa tu futuro.","publisher":{"@id":"https:\/\/lupsys.tech\/ca\/#organization"},"potentialAction":[{"@type":"SearchAction","target":{"@type":"EntryPoint","urlTemplate":"https:\/\/lupsys.tech\/ca\/?s={search_term_string}"},"query-input":{"@type":"PropertyValueSpecification","valueRequired":true,"valueName":"search_term_string"}}],"inLanguage":"ca"},{"@type":["Organization","Place"],"@id":"https:\/\/lupsys.tech\/ca\/#organization","name":"Lupsys Technology","url":"https:\/\/lupsys.tech\/ca\/","logo":{"@id":"https:\/\/lupsys.tech\/ca\/contacte\/#local-main-organization-logo"},"image":{"@id":"https:\/\/lupsys.tech\/ca\/contacte\/#local-main-organization-logo"},"sameAs":["https:\/\/www.linkedin.com\/company\/105172500"],"description":"Lupsys Technology es una empresa especializada en el desarrollo de soluciones tecnol\u00f3gicas innovadoras para empresas. Ofrecemos servicios de desarrollo de software, consultor\u00eda en transformaci\u00f3n digital, inteligencia artificial y an\u00e1lisis de datos. Nuestro objetivo es ayudar a las empresas a optimizar sus procesos y mejorar su competitividad mediante tecnolog\u00eda de vanguardia.","foundingDate":"2024-08-14","numberOfEmployees":{"@type":"QuantitativeValue","minValue":"1","maxValue":"10"},"publishingPrinciples":"https:\/\/lupsys.tech\/","ownershipFundingInfo":"https:\/\/lupsys.tech\/","correctionsPolicy":"https:\/\/lupsys.tech\/aviso-legal\/","ethicsPolicy":"https:\/\/lupsys.tech\/aviso-legal\/","telephone":[],"contactPoint":{"@type":"ContactPoint","telephone":"+34 611 68 63 88","email":"info@lupsys.tech"},"openingHoursSpecification":[{"@type":"OpeningHoursSpecification","dayOfWeek":["Monday","Tuesday","Wednesday","Thursday","Friday","Saturday","Sunday"],"opens":"09:00","closes":"17:00"}],"areaServed":"Espa\u00f1a\/Barcelona"},{"@type":"ImageObject","inLanguage":"ca","@id":"https:\/\/lupsys.tech\/ca\/contacte\/#local-main-organization-logo","url":"https:\/\/lupsys.tech\/wp-content\/uploads\/2024\/10\/logo-ledark2.png","contentUrl":"https:\/\/lupsys.tech\/wp-content\/uploads\/2024\/10\/logo-ledark2.png","width":1920,"height":1080,"caption":"Lupsys Technology"}]},"geo.region":"Espanya"},"_links":{"self":[{"href":"https:\/\/lupsys.tech\/ca\/wp-json\/wp\/v2\/pages\/691","targetHints":{"allow":["GET"]}}],"collection":[{"href":"https:\/\/lupsys.tech\/ca\/wp-json\/wp\/v2\/pages"}],"about":[{"href":"https:\/\/lupsys.tech\/ca\/wp-json\/wp\/v2\/types\/page"}],"author":[{"embeddable":true,"href":"https:\/\/lupsys.tech\/ca\/wp-json\/wp\/v2\/users\/1"}],"replies":[{"embeddable":true,"href":"https:\/\/lupsys.tech\/ca\/wp-json\/wp\/v2\/comments?post=691"}],"version-history":[{"count":0,"href":"https:\/\/lupsys.tech\/ca\/wp-json\/wp\/v2\/pages\/691\/revisions"}],"wp:attachment":[{"href":"https:\/\/lupsys.tech\/ca\/wp-json\/wp\/v2\/media?parent=691"}],"curies":[{"name":"wp","href":"https:\/\/api.w.org\/{rel}","templated":true}]}}