{"id":692,"date":"2024-10-10T04:25:32","date_gmt":"2024-10-10T04:25:32","guid":{"rendered":"https:\/\/lupsys.tech\/cookies\/"},"modified":"2024-10-10T04:25:32","modified_gmt":"2024-10-10T04:25:32","slug":"cookies","status":"publish","type":"page","link":"https:\/\/lupsys.tech\/ca\/cookies\/","title":{"rendered":"Cookies"},"content":{"rendered":"\n<h2 class=\"wp-block-heading\"><strong>Pol\u00edtica de Cookies<\/strong><\/h2>\n\n\n\n<p><strong>Darrera actualitzaci\u00f3: 26\/11\/2024<\/strong><\/p>\n\n\n\n<p>A [Nom de l&#8217;Empresa] utilitzem cookies per millorar la teva experi\u00e8ncia de navegaci\u00f3 i garantir el correcte funcionament de la nostra web. A continuaci\u00f3, expliquem qu\u00e8 s\u00f3n les galetes, quines utilitzem i com les pots gestionar.<\/p>\n\n\n\n<h3 class=\"wp-block-heading\"><strong>1. \u00bf Qu\u00e8 s\u00f3n les galetes?<\/strong><\/h3>\n\n\n\n<p>Les cookies s\u00f3n petits arxius de text que s&#8217;emmagatzemen al dispositiu (ordinador, tablet, smartphone) quan visites una p\u00e0gina web. Serveixen per recordar informaci\u00f3 sobre la vostra navegaci\u00f3, com les vostres prefer\u00e8ncies o h\u00e0bits, i millorar la vostra experi\u00e8ncia com a usuari.<\/p>\n\n\n\n<h3 class=\"wp-block-heading\"><strong>2. Tipus de cookies que utilitzem<\/strong><\/h3>\n\n\n\n<p>A la nostra web utilitzem els seg\u00fcents tipus de cookies:<\/p>\n\n\n\n<h4 class=\"wp-block-heading\"><strong>2.1. Cookies necess\u00e0ries<\/strong><\/h4>\n\n\n\n<p>Aquestes galetes s\u00f3n essencials perqu\u00e8 la p\u00e0gina web funcioni correctament. No recopilen dades personals i no es poden desactivar als nostres sistemes.<br><strong>Exemples:<\/strong><\/p>\n\n\n\n<ul class=\"wp-block-list\">\n<li>Recordar les teves prefer\u00e8ncies de privadesa.<\/li>\n\n\n\n<li>Permetre la c\u00e0rrega de la p\u00e0gina i la navegaci\u00f3 per aquesta.<\/li>\n<\/ul>\n\n\n\n<h4 class=\"wp-block-heading\"><strong>2.2. Galetes d&#8217;an\u00e0lisi<\/strong><\/h4>\n\n\n\n<p>Aquestes cookies ens ajuden a entendre com els usuaris interactuen amb la nostra web, recopilen dades de forma an\u00f2nima i ens permeten millorar-ne el funcionament.<br> <strong>Exemples:<\/strong><\/p>\n\n\n\n<ul class=\"wp-block-list\">\n<li>Eines com Google Analytics per mesurar el tr\u00e0nsit i comportament dels usuaris.<\/li>\n<\/ul>\n\n\n\n<h4 class=\"wp-block-heading\"><strong>2.3. Cookies de funcionalitat (opcional)<\/strong><\/h4>\n\n\n\n<p>Aquestes galetes permeten recordar les vostres prefer\u00e8ncies, com l&#8217;idioma seleccionat o configuracions personalitzades.<br> <strong>Exemple:<\/strong><\/p>\n\n\n\n<ul class=\"wp-block-list\">\n<li>Emmagatzemar els teus ajustaments per a futures visites.<\/li>\n<\/ul>\n\n\n\n<h3 class=\"wp-block-heading\"><strong>3. Quant de temps romanen les galetes?<\/strong><\/h3>\n\n\n\n<ul class=\"wp-block-list\">\n<li><strong>Galetes de sessi\u00f3:<\/strong> S&#8217;eliminen quan tanques el teu navegador.<\/li>\n\n\n\n<li><strong>Cookies persistents:<\/strong> Romanen al teu dispositiu fins que les elimines o caduquen segons el per\u00edode definit.<\/li>\n<\/ul>\n\n\n\n<h3 class=\"wp-block-heading\"><strong>4. Gesti\u00f3 i desactivaci\u00f3 de cookies<\/strong><\/h3>\n\n\n\n<p>Pots gestionar o desactivar les galetes en qualsevol moment a trav\u00e9s de la configuraci\u00f3 del teu navegador. Tingues en compte que algunes funcionalitats de la web podrien veure&#8217;s afectades si desactives certes cookies.<\/p>\n\n\n\n<h4 class=\"wp-block-heading\"><strong>Instruccions per gestionar cookies segons el navegador:<\/strong><\/h4>\n\n\n\n<ul class=\"wp-block-list\">\n<li><strong>Google Chrome:<\/strong> <a>Enlla\u00e7 a instruccions<\/a><\/li>\n\n\n\n<li><strong>Mozilla Firefox:<\/strong> <a href=\"https:\/\/support.mozilla.org\/es\/kb\/habilitar-y-deshabilitar-cookies-sitios-web-rastrear-preferencias\">Enlla\u00e7 a instruccions<\/a><\/li>\n\n\n\n<li><strong>Microsoft Edge:<\/strong> <a href=\"https:\/\/support.microsoft.com\/es-es\/help\/4027947\/microsoft-edge-delete-cookies\">Enlla\u00e7 a instruccions<\/a><\/li>\n\n\n\n<li><strong>Safari:<\/strong> <a href=\"https:\/\/support.apple.com\/es-es\/guide\/safari\/sfri11471\/mac\">Enlla\u00e7 a instruccions<\/a><\/li>\n<\/ul>\n\n\n\n<h3 class=\"wp-block-heading\"><strong>5. Cookies de tercers<\/strong><\/h3>\n\n\n\n<p>En alguns casos, utilitzem serveis de tercers que instal\u00b7len galetes al dispositiu. Per exemple:<\/p>\n\n\n\n<ul class=\"wp-block-list\">\n<li><strong>Google Analytics:<\/strong> Per analitzar el tr\u00e0nsit i comportament a la nostra web. <a>Pol\u00edtica de privadesa de Google<\/a> .<\/li>\n<\/ul>\n\n\n\n<h3 class=\"wp-block-heading\"><strong>6. Canvis a la nostra Pol\u00edtica de Cookies<\/strong><\/h3>\n\n\n\n<p>Ens reservem el dret de modificar aquesta Pol\u00edtica de Cookies per adaptar-la a canvis legals o t\u00e8cnics. Us recomanem revisar-la peri\u00f2dicament.<\/p>\n\n\n\n<h3 class=\"wp-block-heading\"><strong>7. Contacte<\/strong><\/h3>\n\n\n\n<p>Si tens dubtes sobre aquesta Pol\u00edtica de Cookies o l&#8217;\u00fas de les teves dades, pots contactar-nos a:<\/p>\n\n\n\n<ul class=\"wp-block-list\">\n<li><strong>Correu electr\u00f2nic:<\/strong> info@lupsys.tech<\/li>\n\n\n\n<li><strong>Tel\u00e8fon:<\/strong> +34 611 686 388<\/li>\n<\/ul>\n","protected":false},"excerpt":{"rendered":"<p>Pol\u00edtica de Cookies Darrera actualitzaci\u00f3: 26\/11\/2024 A [Nom de l&#8217;Empresa] utilitzem cookies per millorar la teva experi\u00e8ncia de navegaci\u00f3 i garantir el correcte funcionament de la nostra web. A continuaci\u00f3, expliquem qu\u00e8 s\u00f3n les galetes, quines utilitzem i com les pots gestionar. 1. \u00bf Qu\u00e8 s\u00f3n les galetes? Les cookies s\u00f3n petits arxius de text [&hellip;]<\/p>\n","protected":false},"author":1,"featured_media":0,"parent":0,"menu_order":0,"comment_status":"closed","ping_status":"closed","template":"","meta":{"_et_pb_use_builder":"","_et_pb_old_content":"","_et_gb_content_width":"","iawp_total_views":1,"footnotes":""},"class_list":["post-692","page","type-page","status-publish","hentry"],"yoast_head":"<!-- This site is optimized with the Yoast SEO Premium plugin v26.1 (Yoast SEO v27.3) - https:\/\/yoast.com\/product\/yoast-seo-premium-wordpress\/ -->\n<title>Cookies - Lupsys Technology<\/title>\n<meta name=\"robots\" content=\"noindex, nofollow\" \/>\n<script type=\"application\/ld+json\" class=\"yoast-schema-graph\">{\"@context\":\"https:\\\/\\\/schema.org\",\"@graph\":[{\"@type\":\"WebPage\",\"@id\":\"https:\\\/\\\/lupsys.tech\\\/ca\\\/cookies\\\/\",\"url\":\"https:\\\/\\\/lupsys.tech\\\/ca\\\/cookies\\\/\",\"name\":\"Cookies - Lupsys Technology\",\"isPartOf\":{\"@id\":\"https:\\\/\\\/lupsys.tech\\\/ca\\\/#website\"},\"datePublished\":\"2024-10-10T04:25:32+00:00\",\"breadcrumb\":{\"@id\":\"https:\\\/\\\/lupsys.tech\\\/ca\\\/cookies\\\/#breadcrumb\"},\"inLanguage\":\"ca\",\"potentialAction\":[{\"@type\":\"ReadAction\",\"target\":[\"https:\\\/\\\/lupsys.tech\\\/ca\\\/cookies\\\/\"]}]},{\"@type\":\"BreadcrumbList\",\"@id\":\"https:\\\/\\\/lupsys.tech\\\/ca\\\/cookies\\\/#breadcrumb\",\"itemListElement\":[{\"@type\":\"ListItem\",\"position\":1,\"name\":\"Home\",\"item\":\"https:\\\/\\\/lupsys.tech\\\/ca\\\/\"},{\"@type\":\"ListItem\",\"position\":2,\"name\":\"Cookies\"}]},{\"@type\":\"WebSite\",\"@id\":\"https:\\\/\\\/lupsys.tech\\\/ca\\\/#website\",\"url\":\"https:\\\/\\\/lupsys.tech\\\/ca\\\/\",\"name\":\"Lupsys Technology\",\"description\":\"Innovaci\u00f3n tecnol\u00f3gica que impulsa tu futuro.\",\"publisher\":{\"@id\":\"https:\\\/\\\/lupsys.tech\\\/ca\\\/#organization\"},\"potentialAction\":[{\"@type\":\"SearchAction\",\"target\":{\"@type\":\"EntryPoint\",\"urlTemplate\":\"https:\\\/\\\/lupsys.tech\\\/ca\\\/?s={search_term_string}\"},\"query-input\":{\"@type\":\"PropertyValueSpecification\",\"valueRequired\":true,\"valueName\":\"search_term_string\"}}],\"inLanguage\":\"ca\"},{\"@type\":[\"Organization\",\"Place\"],\"@id\":\"https:\\\/\\\/lupsys.tech\\\/ca\\\/#organization\",\"name\":\"Lupsys Technology\",\"url\":\"https:\\\/\\\/lupsys.tech\\\/ca\\\/\",\"logo\":{\"@id\":\"https:\\\/\\\/lupsys.tech\\\/ca\\\/cookies\\\/#local-main-organization-logo\"},\"image\":{\"@id\":\"https:\\\/\\\/lupsys.tech\\\/ca\\\/cookies\\\/#local-main-organization-logo\"},\"sameAs\":[\"https:\\\/\\\/www.linkedin.com\\\/company\\\/105172500\"],\"description\":\"Lupsys Technology es una empresa especializada en el desarrollo de soluciones tecnol\u00f3gicas innovadoras para empresas. Ofrecemos servicios de desarrollo de software, consultor\u00eda en transformaci\u00f3n digital, inteligencia artificial y an\u00e1lisis de datos. Nuestro objetivo es ayudar a las empresas a optimizar sus procesos y mejorar su competitividad mediante tecnolog\u00eda de vanguardia.\",\"foundingDate\":\"2024-08-14\",\"numberOfEmployees\":{\"@type\":\"QuantitativeValue\",\"minValue\":\"1\",\"maxValue\":\"10\"},\"publishingPrinciples\":\"https:\\\/\\\/lupsys.tech\\\/\",\"ownershipFundingInfo\":\"https:\\\/\\\/lupsys.tech\\\/\",\"correctionsPolicy\":\"https:\\\/\\\/lupsys.tech\\\/aviso-legal\\\/\",\"ethicsPolicy\":\"https:\\\/\\\/lupsys.tech\\\/aviso-legal\\\/\",\"telephone\":[],\"contactPoint\":{\"@type\":\"ContactPoint\",\"telephone\":\"+34 611 68 63 88\",\"email\":\"info@lupsys.tech\"},\"openingHoursSpecification\":[{\"@type\":\"OpeningHoursSpecification\",\"dayOfWeek\":[\"Monday\",\"Tuesday\",\"Wednesday\",\"Thursday\",\"Friday\",\"Saturday\",\"Sunday\"],\"opens\":\"09:00\",\"closes\":\"17:00\"}],\"areaServed\":\"Espa\u00f1a\\\/Barcelona\"},{\"@type\":\"ImageObject\",\"inLanguage\":\"ca\",\"@id\":\"https:\\\/\\\/lupsys.tech\\\/ca\\\/cookies\\\/#local-main-organization-logo\",\"url\":\"https:\\\/\\\/lupsys.tech\\\/wp-content\\\/uploads\\\/2024\\\/10\\\/logo-ledark2.png\",\"contentUrl\":\"https:\\\/\\\/lupsys.tech\\\/wp-content\\\/uploads\\\/2024\\\/10\\\/logo-ledark2.png\",\"width\":1920,\"height\":1080,\"caption\":\"Lupsys Technology\"}]}<\/script>\n<meta name=\"geo.region\" content=\"Espanya\" \/>\n<!-- \/ Yoast SEO Premium plugin. -->","yoast_head_json":{"title":"Cookies - Lupsys Technology","robots":{"index":"noindex","follow":"nofollow"},"schema":{"@context":"https:\/\/schema.org","@graph":[{"@type":"WebPage","@id":"https:\/\/lupsys.tech\/ca\/cookies\/","url":"https:\/\/lupsys.tech\/ca\/cookies\/","name":"Cookies - Lupsys Technology","isPartOf":{"@id":"https:\/\/lupsys.tech\/ca\/#website"},"datePublished":"2024-10-10T04:25:32+00:00","breadcrumb":{"@id":"https:\/\/lupsys.tech\/ca\/cookies\/#breadcrumb"},"inLanguage":"ca","potentialAction":[{"@type":"ReadAction","target":["https:\/\/lupsys.tech\/ca\/cookies\/"]}]},{"@type":"BreadcrumbList","@id":"https:\/\/lupsys.tech\/ca\/cookies\/#breadcrumb","itemListElement":[{"@type":"ListItem","position":1,"name":"Home","item":"https:\/\/lupsys.tech\/ca\/"},{"@type":"ListItem","position":2,"name":"Cookies"}]},{"@type":"WebSite","@id":"https:\/\/lupsys.tech\/ca\/#website","url":"https:\/\/lupsys.tech\/ca\/","name":"Lupsys Technology","description":"Innovaci\u00f3n tecnol\u00f3gica que impulsa tu futuro.","publisher":{"@id":"https:\/\/lupsys.tech\/ca\/#organization"},"potentialAction":[{"@type":"SearchAction","target":{"@type":"EntryPoint","urlTemplate":"https:\/\/lupsys.tech\/ca\/?s={search_term_string}"},"query-input":{"@type":"PropertyValueSpecification","valueRequired":true,"valueName":"search_term_string"}}],"inLanguage":"ca"},{"@type":["Organization","Place"],"@id":"https:\/\/lupsys.tech\/ca\/#organization","name":"Lupsys Technology","url":"https:\/\/lupsys.tech\/ca\/","logo":{"@id":"https:\/\/lupsys.tech\/ca\/cookies\/#local-main-organization-logo"},"image":{"@id":"https:\/\/lupsys.tech\/ca\/cookies\/#local-main-organization-logo"},"sameAs":["https:\/\/www.linkedin.com\/company\/105172500"],"description":"Lupsys Technology es una empresa especializada en el desarrollo de soluciones tecnol\u00f3gicas innovadoras para empresas. Ofrecemos servicios de desarrollo de software, consultor\u00eda en transformaci\u00f3n digital, inteligencia artificial y an\u00e1lisis de datos. Nuestro objetivo es ayudar a las empresas a optimizar sus procesos y mejorar su competitividad mediante tecnolog\u00eda de vanguardia.","foundingDate":"2024-08-14","numberOfEmployees":{"@type":"QuantitativeValue","minValue":"1","maxValue":"10"},"publishingPrinciples":"https:\/\/lupsys.tech\/","ownershipFundingInfo":"https:\/\/lupsys.tech\/","correctionsPolicy":"https:\/\/lupsys.tech\/aviso-legal\/","ethicsPolicy":"https:\/\/lupsys.tech\/aviso-legal\/","telephone":[],"contactPoint":{"@type":"ContactPoint","telephone":"+34 611 68 63 88","email":"info@lupsys.tech"},"openingHoursSpecification":[{"@type":"OpeningHoursSpecification","dayOfWeek":["Monday","Tuesday","Wednesday","Thursday","Friday","Saturday","Sunday"],"opens":"09:00","closes":"17:00"}],"areaServed":"Espa\u00f1a\/Barcelona"},{"@type":"ImageObject","inLanguage":"ca","@id":"https:\/\/lupsys.tech\/ca\/cookies\/#local-main-organization-logo","url":"https:\/\/lupsys.tech\/wp-content\/uploads\/2024\/10\/logo-ledark2.png","contentUrl":"https:\/\/lupsys.tech\/wp-content\/uploads\/2024\/10\/logo-ledark2.png","width":1920,"height":1080,"caption":"Lupsys Technology"}]},"geo.region":"Espanya"},"_links":{"self":[{"href":"https:\/\/lupsys.tech\/ca\/wp-json\/wp\/v2\/pages\/692","targetHints":{"allow":["GET"]}}],"collection":[{"href":"https:\/\/lupsys.tech\/ca\/wp-json\/wp\/v2\/pages"}],"about":[{"href":"https:\/\/lupsys.tech\/ca\/wp-json\/wp\/v2\/types\/page"}],"author":[{"embeddable":true,"href":"https:\/\/lupsys.tech\/ca\/wp-json\/wp\/v2\/users\/1"}],"replies":[{"embeddable":true,"href":"https:\/\/lupsys.tech\/ca\/wp-json\/wp\/v2\/comments?post=692"}],"version-history":[{"count":0,"href":"https:\/\/lupsys.tech\/ca\/wp-json\/wp\/v2\/pages\/692\/revisions"}],"wp:attachment":[{"href":"https:\/\/lupsys.tech\/ca\/wp-json\/wp\/v2\/media?parent=692"}],"curies":[{"name":"wp","href":"https:\/\/api.w.org\/{rel}","templated":true}]}}