{"id":702,"date":"2024-10-10T04:25:18","date_gmt":"2024-10-10T04:25:18","guid":{"rendered":"https:\/\/lupsys.tech\/footer\/"},"modified":"2025-04-24T13:40:24","modified_gmt":"2025-04-24T13:40:24","slug":"footer","status":"publish","type":"page","link":"https:\/\/lupsys.tech\/ca\/footer\/","title":{"rendered":"Footer"},"content":{"rendered":"<p>[et_pb_section fb_built=&#8221;1&#8243; theme_builder_area=&#8221;post_content&#8221; _builder_version=&#8221;4.27.4&#8243; _module_preset=&#8221;default&#8221;][\/et_pb_section]<\/p>\n","protected":false},"excerpt":{"rendered":"","protected":false},"author":1,"featured_media":0,"parent":0,"menu_order":0,"comment_status":"closed","ping_status":"closed","template":"","meta":{"_et_pb_use_builder":"on","_et_pb_old_content":"","_et_gb_content_width":"","iawp_total_views":0,"footnotes":""},"class_list":["post-702","page","type-page","status-publish","hentry"],"yoast_head":"<!-- This site is optimized with the Yoast SEO Premium plugin v26.1 (Yoast SEO v27.3) - https:\/\/yoast.com\/product\/yoast-seo-premium-wordpress\/ -->\n<title>Footer - Lupsys Technology<\/title>\n<meta name=\"robots\" content=\"index, follow, max-snippet:-1, max-image-preview:large, max-video-preview:-1\" \/>\n<link rel=\"canonical\" href=\"https:\/\/lupsys.tech\/ca\/footer\/\" \/>\n<script type=\"application\/ld+json\" class=\"yoast-schema-graph\">{\"@context\":\"https:\\\/\\\/schema.org\",\"@graph\":[{\"@type\":\"WebPage\",\"@id\":\"https:\\\/\\\/lupsys.tech\\\/ca\\\/footer\\\/\",\"url\":\"https:\\\/\\\/lupsys.tech\\\/ca\\\/footer\\\/\",\"name\":\"Footer - Lupsys Technology\",\"isPartOf\":{\"@id\":\"https:\\\/\\\/lupsys.tech\\\/ca\\\/#website\"},\"datePublished\":\"2024-10-10T04:25:18+00:00\",\"dateModified\":\"2025-04-24T13:40:24+00:00\",\"breadcrumb\":{\"@id\":\"https:\\\/\\\/lupsys.tech\\\/ca\\\/footer\\\/#breadcrumb\"},\"inLanguage\":\"ca\",\"potentialAction\":[{\"@type\":\"ReadAction\",\"target\":[\"https:\\\/\\\/lupsys.tech\\\/ca\\\/footer\\\/\"]}]},{\"@type\":\"BreadcrumbList\",\"@id\":\"https:\\\/\\\/lupsys.tech\\\/ca\\\/footer\\\/#breadcrumb\",\"itemListElement\":[{\"@type\":\"ListItem\",\"position\":1,\"name\":\"Home\",\"item\":\"https:\\\/\\\/lupsys.tech\\\/ca\\\/\"},{\"@type\":\"ListItem\",\"position\":2,\"name\":\"Footer\"}]},{\"@type\":\"WebSite\",\"@id\":\"https:\\\/\\\/lupsys.tech\\\/ca\\\/#website\",\"url\":\"https:\\\/\\\/lupsys.tech\\\/ca\\\/\",\"name\":\"Lupsys Technology\",\"description\":\"Innovaci\u00f3n tecnol\u00f3gica que impulsa tu futuro.\",\"publisher\":{\"@id\":\"https:\\\/\\\/lupsys.tech\\\/ca\\\/#organization\"},\"potentialAction\":[{\"@type\":\"SearchAction\",\"target\":{\"@type\":\"EntryPoint\",\"urlTemplate\":\"https:\\\/\\\/lupsys.tech\\\/ca\\\/?s={search_term_string}\"},\"query-input\":{\"@type\":\"PropertyValueSpecification\",\"valueRequired\":true,\"valueName\":\"search_term_string\"}}],\"inLanguage\":\"ca\"},{\"@type\":[\"Organization\",\"Place\"],\"@id\":\"https:\\\/\\\/lupsys.tech\\\/ca\\\/#organization\",\"name\":\"Lupsys Technology\",\"url\":\"https:\\\/\\\/lupsys.tech\\\/ca\\\/\",\"logo\":{\"@id\":\"https:\\\/\\\/lupsys.tech\\\/ca\\\/footer\\\/#local-main-organization-logo\"},\"image\":{\"@id\":\"https:\\\/\\\/lupsys.tech\\\/ca\\\/footer\\\/#local-main-organization-logo\"},\"sameAs\":[\"https:\\\/\\\/www.linkedin.com\\\/company\\\/105172500\"],\"description\":\"Lupsys Technology es una empresa especializada en el desarrollo de soluciones tecnol\u00f3gicas innovadoras para empresas. Ofrecemos servicios de desarrollo de software, consultor\u00eda en transformaci\u00f3n digital, inteligencia artificial y an\u00e1lisis de datos. Nuestro objetivo es ayudar a las empresas a optimizar sus procesos y mejorar su competitividad mediante tecnolog\u00eda de vanguardia.\",\"foundingDate\":\"2024-08-14\",\"numberOfEmployees\":{\"@type\":\"QuantitativeValue\",\"minValue\":\"1\",\"maxValue\":\"10\"},\"publishingPrinciples\":\"https:\\\/\\\/lupsys.tech\\\/\",\"ownershipFundingInfo\":\"https:\\\/\\\/lupsys.tech\\\/\",\"correctionsPolicy\":\"https:\\\/\\\/lupsys.tech\\\/aviso-legal\\\/\",\"ethicsPolicy\":\"https:\\\/\\\/lupsys.tech\\\/aviso-legal\\\/\",\"telephone\":[],\"contactPoint\":{\"@type\":\"ContactPoint\",\"telephone\":\"+34 611 68 63 88\",\"email\":\"info@lupsys.tech\"},\"openingHoursSpecification\":[{\"@type\":\"OpeningHoursSpecification\",\"dayOfWeek\":[\"Monday\",\"Tuesday\",\"Wednesday\",\"Thursday\",\"Friday\",\"Saturday\",\"Sunday\"],\"opens\":\"09:00\",\"closes\":\"17:00\"}],\"areaServed\":\"Espa\u00f1a\\\/Barcelona\"},{\"@type\":\"ImageObject\",\"inLanguage\":\"ca\",\"@id\":\"https:\\\/\\\/lupsys.tech\\\/ca\\\/footer\\\/#local-main-organization-logo\",\"url\":\"https:\\\/\\\/lupsys.tech\\\/wp-content\\\/uploads\\\/2024\\\/10\\\/logo-ledark2.png\",\"contentUrl\":\"https:\\\/\\\/lupsys.tech\\\/wp-content\\\/uploads\\\/2024\\\/10\\\/logo-ledark2.png\",\"width\":1920,\"height\":1080,\"caption\":\"Lupsys Technology\"}]}<\/script>\n<meta name=\"geo.region\" content=\"Espanya\" \/>\n<!-- \/ Yoast SEO Premium plugin. -->","yoast_head_json":{"title":"Footer - Lupsys Technology","robots":{"index":"index","follow":"follow","max-snippet":"max-snippet:-1","max-image-preview":"max-image-preview:large","max-video-preview":"max-video-preview:-1"},"canonical":"https:\/\/lupsys.tech\/ca\/footer\/","schema":{"@context":"https:\/\/schema.org","@graph":[{"@type":"WebPage","@id":"https:\/\/lupsys.tech\/ca\/footer\/","url":"https:\/\/lupsys.tech\/ca\/footer\/","name":"Footer - Lupsys Technology","isPartOf":{"@id":"https:\/\/lupsys.tech\/ca\/#website"},"datePublished":"2024-10-10T04:25:18+00:00","dateModified":"2025-04-24T13:40:24+00:00","breadcrumb":{"@id":"https:\/\/lupsys.tech\/ca\/footer\/#breadcrumb"},"inLanguage":"ca","potentialAction":[{"@type":"ReadAction","target":["https:\/\/lupsys.tech\/ca\/footer\/"]}]},{"@type":"BreadcrumbList","@id":"https:\/\/lupsys.tech\/ca\/footer\/#breadcrumb","itemListElement":[{"@type":"ListItem","position":1,"name":"Home","item":"https:\/\/lupsys.tech\/ca\/"},{"@type":"ListItem","position":2,"name":"Footer"}]},{"@type":"WebSite","@id":"https:\/\/lupsys.tech\/ca\/#website","url":"https:\/\/lupsys.tech\/ca\/","name":"Lupsys Technology","description":"Innovaci\u00f3n tecnol\u00f3gica que impulsa tu futuro.","publisher":{"@id":"https:\/\/lupsys.tech\/ca\/#organization"},"potentialAction":[{"@type":"SearchAction","target":{"@type":"EntryPoint","urlTemplate":"https:\/\/lupsys.tech\/ca\/?s={search_term_string}"},"query-input":{"@type":"PropertyValueSpecification","valueRequired":true,"valueName":"search_term_string"}}],"inLanguage":"ca"},{"@type":["Organization","Place"],"@id":"https:\/\/lupsys.tech\/ca\/#organization","name":"Lupsys Technology","url":"https:\/\/lupsys.tech\/ca\/","logo":{"@id":"https:\/\/lupsys.tech\/ca\/footer\/#local-main-organization-logo"},"image":{"@id":"https:\/\/lupsys.tech\/ca\/footer\/#local-main-organization-logo"},"sameAs":["https:\/\/www.linkedin.com\/company\/105172500"],"description":"Lupsys Technology es una empresa especializada en el desarrollo de soluciones tecnol\u00f3gicas innovadoras para empresas. Ofrecemos servicios de desarrollo de software, consultor\u00eda en transformaci\u00f3n digital, inteligencia artificial y an\u00e1lisis de datos. Nuestro objetivo es ayudar a las empresas a optimizar sus procesos y mejorar su competitividad mediante tecnolog\u00eda de vanguardia.","foundingDate":"2024-08-14","numberOfEmployees":{"@type":"QuantitativeValue","minValue":"1","maxValue":"10"},"publishingPrinciples":"https:\/\/lupsys.tech\/","ownershipFundingInfo":"https:\/\/lupsys.tech\/","correctionsPolicy":"https:\/\/lupsys.tech\/aviso-legal\/","ethicsPolicy":"https:\/\/lupsys.tech\/aviso-legal\/","telephone":[],"contactPoint":{"@type":"ContactPoint","telephone":"+34 611 68 63 88","email":"info@lupsys.tech"},"openingHoursSpecification":[{"@type":"OpeningHoursSpecification","dayOfWeek":["Monday","Tuesday","Wednesday","Thursday","Friday","Saturday","Sunday"],"opens":"09:00","closes":"17:00"}],"areaServed":"Espa\u00f1a\/Barcelona"},{"@type":"ImageObject","inLanguage":"ca","@id":"https:\/\/lupsys.tech\/ca\/footer\/#local-main-organization-logo","url":"https:\/\/lupsys.tech\/wp-content\/uploads\/2024\/10\/logo-ledark2.png","contentUrl":"https:\/\/lupsys.tech\/wp-content\/uploads\/2024\/10\/logo-ledark2.png","width":1920,"height":1080,"caption":"Lupsys Technology"}]},"geo.region":"Espanya"},"_links":{"self":[{"href":"https:\/\/lupsys.tech\/ca\/wp-json\/wp\/v2\/pages\/702","targetHints":{"allow":["GET"]}}],"collection":[{"href":"https:\/\/lupsys.tech\/ca\/wp-json\/wp\/v2\/pages"}],"about":[{"href":"https:\/\/lupsys.tech\/ca\/wp-json\/wp\/v2\/types\/page"}],"author":[{"embeddable":true,"href":"https:\/\/lupsys.tech\/ca\/wp-json\/wp\/v2\/users\/1"}],"replies":[{"embeddable":true,"href":"https:\/\/lupsys.tech\/ca\/wp-json\/wp\/v2\/comments?post=702"}],"version-history":[{"count":1,"href":"https:\/\/lupsys.tech\/ca\/wp-json\/wp\/v2\/pages\/702\/revisions"}],"predecessor-version":[{"id":703,"href":"https:\/\/lupsys.tech\/ca\/wp-json\/wp\/v2\/pages\/702\/revisions\/703"}],"wp:attachment":[{"href":"https:\/\/lupsys.tech\/ca\/wp-json\/wp\/v2\/media?parent=702"}],"curies":[{"name":"wp","href":"https:\/\/api.w.org\/{rel}","templated":true}]}}