{"id":715,"date":"2024-08-19T04:10:43","date_gmt":"2024-08-19T04:10:43","guid":{"rendered":"https:\/\/lupsys.tech\/politica-de-privadesa\/"},"modified":"2025-04-24T13:51:52","modified_gmt":"2025-04-24T13:51:52","slug":"politica-de-privadesa","status":"publish","type":"page","link":"https:\/\/lupsys.tech\/ca\/politica-de-privadesa\/","title":{"rendered":"Pol\u00edtica de Privadesa"},"content":{"rendered":"\n<p>A <strong>Lupsys Technology, SL<\/strong> , valorem i respectem la teva privadesa. Aquesta pol\u00edtica descriu com recopilem, fem servir i protegim la informaci\u00f3 personal que ens proporciones en visitar la nostra p\u00e0gina web o en comunicar-te amb nosaltres. <\/p>\n\n<h3 class=\"wp-block-heading\"><strong>1. Responsable del Tractament<\/strong><\/h3>\n\n<ul class=\"wp-block-list\">\n<li><strong>Nom de l&#8217;Empresa:<\/strong> Lupsys Technology, SL<\/li>\n\n\n\n<li><strong>Tel\u00e8fon:<\/strong> +34611686388<\/li>\n\n\n\n<li><strong>Correu electr\u00f2nic:<\/strong> info@lupsys.tech<\/li>\n<\/ul>\n\n<h3 class=\"wp-block-heading\"><strong>2. Quines dades personals recopilem<\/strong><\/h3>\n\n<p>Podem recopilar i tractar les dades personals seg\u00fcents a trav\u00e9s de la nostra web:<\/p>\n\n<ul class=\"wp-block-list\">\n<li><strong>Dades de contacte:<\/strong> Nom, correu electr\u00f2nic, tel\u00e8fon (quan els introdueixes a formularis de contacte).<\/li>\n\n\n\n<li><strong>Dades de navegaci\u00f3:<\/strong> Adre\u00e7a IP, ubicaci\u00f3 aproximada, informaci\u00f3 sobre el dispositiu i el navegador.<\/li>\n\n\n\n<li><strong>Prefer\u00e8ncies:<\/strong> Informaci\u00f3 sobre les teves interaccions a la web a trav\u00e9s de cookies (consulta la nostra <a href=\"#\">Pol\u00edtica de Cookies<\/a> ).<\/li>\n<\/ul>\n\n<h3 class=\"wp-block-heading\"><strong>3. Com recopilem les teves dades<\/strong><\/h3>\n\n<p>Les dades es recopilen de forma directa o autom\u00e0tica:<\/p>\n\n<ul class=\"wp-block-list\">\n<li><strong>Directa:<\/strong> Quan emplenes un formulari de contacte, sol\u00b7licites informaci\u00f3 o et comuniques amb nosaltres.<\/li>\n\n\n\n<li><strong>Autom\u00e0tica:<\/strong> A trav\u00e9s de galetes i tecnologies similars que recopilen informaci\u00f3 sobre la teva navegaci\u00f3.<\/li>\n<\/ul>\n\n<h3 class=\"wp-block-heading\"><strong>4. Finalitat del tractament<\/strong><\/h3>\n\n<p>Tractem les teves dades personals \u00fanicament per a les finalitats seg\u00fcents:<\/p>\n\n<ul class=\"wp-block-list\">\n<li>Respondre les teves consultes realitzades a trav\u00e9s de formularis de contacte.<\/li>\n\n\n\n<li>Gestionar comunicacions relacionades amb els serveis oferts.<\/li>\n\n\n\n<li>Analitzar el tr\u00e0nsit i \u00fas de la nostra web per millorar-ne el funcionament (a trav\u00e9s de cookies).<\/li>\n\n\n\n<li>Enviar informaci\u00f3 addicional sobre els nostres serveis si ens d\u00f3nes el teu consentiment expr\u00e9s.<\/li>\n<\/ul>\n\n<h3 class=\"wp-block-heading\"><strong>5. Base legal per al tractament<\/strong><\/h3>\n\n<p>El tractament de les teves dades es basa en:<\/p>\n\n<ul class=\"wp-block-list\">\n<li><strong>Consentiment:<\/strong> Quan accepteu l&#8217;\u00fas de cookies o ens proporcioneu les vostres dades a trav\u00e9s d&#8217;un formulari.<\/li>\n\n\n\n<li><strong>Inter\u00e8s leg\u00edtim:<\/strong> Analitzar el rendiment de la nostra web i millorar lexperi\u00e8ncia de lusuari.<\/li>\n<\/ul>\n\n<h3 class=\"wp-block-heading\"><strong>6. Amb qui compartim les teves dades<\/strong><\/h3>\n\n<p>No compartim les teves dades personals amb tercers, excepte en els casos seg\u00fcents:<\/p>\n\n<ul class=\"wp-block-list\">\n<li><strong>Prove\u00efdors tecnol\u00f2gics:<\/strong> serveis d&#8217;allotjament web, an\u00e0lisi de tr\u00e0nsit (com Google Analytics) o eines de correu electr\u00f2nic.<\/li>\n\n\n\n<li><strong>Compliment legal:<\/strong> Si una autoritat ho exigeix \u200b\u200bper complir una obligaci\u00f3 legal.<\/li>\n<\/ul>\n\n<p>En tots els casos, garantim que les dades seran tractades amb la m\u00e0xima seguretat i confidencialitat.<\/p>\n\n<h3 class=\"wp-block-heading\"><strong>7. Els teus drets<\/strong><\/h3>\n\n<p>Tens dret a:<\/p>\n\n<ul class=\"wp-block-list\">\n<li><strong>Acc\u00e9s:<\/strong> Con\u00e8ixer quines dades personals estem recopilant i com les utilitzem.<\/li>\n\n\n\n<li><strong>Rectificaci\u00f3:<\/strong> Sol\u00b7licitar la correcci\u00f3 de dades incorrectes.<\/li>\n\n\n\n<li><strong>Supressi\u00f3:<\/strong> Demaneu que elimineu les vostres dades quan ja no siguin necess\u00e0ries.<\/li>\n\n\n\n<li><strong>Oposici\u00f3:<\/strong> Evitar el tractament de les teves dades en certes circumst\u00e0ncies, com per a fins de m\u00e0rqueting.<\/li>\n<\/ul>\n\n<p>Per exercir aquests drets, envieu una sol\u00b7licitud a [correu electr\u00f2nic] adjuntant una c\u00f2pia del vostre document d&#8217;identitat.<\/p>\n\n<h3 class=\"wp-block-heading\"><strong>8. Per\u00edode de conservaci\u00f3 de les dades<\/strong><\/h3>\n\n<p>Les teves dades personals es conservaran \u00fanicament durant el temps necessari per complir les finalitats descrites:<\/p>\n\n<ul class=\"wp-block-list\">\n<li>Dades de contacte: Fins que no es resolgui la teva consulta o sol\u00b7licitud.<\/li>\n\n\n\n<li>Dades de navegaci\u00f3: Segons els per\u00edodes indicats a la nostra <a href=\"#\">Pol\u00edtica de Cookies<\/a> .<\/li>\n<\/ul>\n\n<p>Un cop complertes aquestes finalitats, eliminarem o anonimitzarem les teves dades d&#8217;acord amb la legislaci\u00f3 vigent.<\/p>\n\n<h3 class=\"wp-block-heading\"><strong>9. Seguretat de les dades<\/strong><\/h3>\n\n<p>Apliquem mesures t\u00e8cniques i organitzatives per protegir les teves dades personals contra accessos no autoritzats, p\u00e8rdua, alteraci\u00f3 o divulgaci\u00f3.<\/p>\n\n<h3 class=\"wp-block-heading\"><strong>10. \u00das de galetes<\/strong><\/h3>\n\n<p>Utilitzem galetes per millorar la teva experi\u00e8ncia de navegaci\u00f3. Pots consultar tots els detalls a la nostra <a href=\"#\">Pol\u00edtica de Cookies<\/a> . <\/p>\n\n<h3 class=\"wp-block-heading\"><strong>11. Canvis a la Pol\u00edtica de Privadesa<\/strong><\/h3>\n\n<p>Ens reservem el dret a actualitzar aquesta pol\u00edtica per adaptar-la a possibles canvis a la nostra web oa les normatives legals. Us notificarem qualsevol canvi rellevant a trav\u00e9s d&#8217;aquesta p\u00e0gina. <\/p>\n\n<h3 class=\"wp-block-heading\"><strong>12. Contacte<\/strong><\/h3>\n\n<p>Si tens preguntes sobre aquesta pol\u00edtica o sobre com tractem les teves dades, no dubtis a posar-te en contacte amb nosaltres:<\/p>\n\n<ul class=\"wp-block-list\">\n<li><strong>Correu electr\u00f2nic:<\/strong> info@lupsys.tech<\/li>\n\n\n\n<li><strong>Tel\u00e8fon:<\/strong> +34 611 686 388<\/li>\n<\/ul>\n","protected":false},"excerpt":{"rendered":"<p>A Lupsys Technology, SL , valorem i respectem la teva privadesa. Aquesta pol\u00edtica descriu com recopilem, fem servir i protegim la informaci\u00f3 personal que ens proporciones en visitar la nostra p\u00e0gina web o en comunicar-te amb nosaltres. 1. Responsable del Tractament 2. Quines dades personals recopilem Podem recopilar i tractar les dades personals seg\u00fcents a [&hellip;]<\/p>\n","protected":false},"author":1,"featured_media":0,"parent":0,"menu_order":0,"comment_status":"closed","ping_status":"closed","template":"","meta":{"_et_pb_use_builder":"","_et_pb_old_content":"","_et_gb_content_width":"","iawp_total_views":0,"footnotes":""},"class_list":["post-715","page","type-page","status-publish","hentry"],"yoast_head":"<!-- This site is optimized with the Yoast SEO Premium plugin v26.1 (Yoast SEO v27.3) - https:\/\/yoast.com\/product\/yoast-seo-premium-wordpress\/ -->\n<title>Pol\u00edtica de Privadesa - Lupsys Technology<\/title>\n<meta name=\"robots\" content=\"noindex, follow\" \/>\n<script type=\"application\/ld+json\" class=\"yoast-schema-graph\">{\"@context\":\"https:\\\/\\\/schema.org\",\"@graph\":[{\"@type\":\"WebPage\",\"@id\":\"https:\\\/\\\/lupsys.tech\\\/ca\\\/politica-de-privadesa\\\/\",\"url\":\"https:\\\/\\\/lupsys.tech\\\/ca\\\/politica-de-privadesa\\\/\",\"name\":\"Pol\u00edtica de Privadesa - Lupsys Technology\",\"isPartOf\":{\"@id\":\"https:\\\/\\\/lupsys.tech\\\/ca\\\/#website\"},\"datePublished\":\"2024-08-19T04:10:43+00:00\",\"dateModified\":\"2025-04-24T13:51:52+00:00\",\"breadcrumb\":{\"@id\":\"https:\\\/\\\/lupsys.tech\\\/ca\\\/politica-de-privadesa\\\/#breadcrumb\"},\"inLanguage\":\"ca\",\"potentialAction\":[{\"@type\":\"ReadAction\",\"target\":[\"https:\\\/\\\/lupsys.tech\\\/ca\\\/politica-de-privadesa\\\/\"]}]},{\"@type\":\"BreadcrumbList\",\"@id\":\"https:\\\/\\\/lupsys.tech\\\/ca\\\/politica-de-privadesa\\\/#breadcrumb\",\"itemListElement\":[{\"@type\":\"ListItem\",\"position\":1,\"name\":\"Home\",\"item\":\"https:\\\/\\\/lupsys.tech\\\/ca\\\/\"},{\"@type\":\"ListItem\",\"position\":2,\"name\":\"Pol\u00edtica de Privadesa\"}]},{\"@type\":\"WebSite\",\"@id\":\"https:\\\/\\\/lupsys.tech\\\/ca\\\/#website\",\"url\":\"https:\\\/\\\/lupsys.tech\\\/ca\\\/\",\"name\":\"Lupsys Technology\",\"description\":\"Innovaci\u00f3n tecnol\u00f3gica que impulsa tu futuro.\",\"publisher\":{\"@id\":\"https:\\\/\\\/lupsys.tech\\\/ca\\\/#organization\"},\"potentialAction\":[{\"@type\":\"SearchAction\",\"target\":{\"@type\":\"EntryPoint\",\"urlTemplate\":\"https:\\\/\\\/lupsys.tech\\\/ca\\\/?s={search_term_string}\"},\"query-input\":{\"@type\":\"PropertyValueSpecification\",\"valueRequired\":true,\"valueName\":\"search_term_string\"}}],\"inLanguage\":\"ca\"},{\"@type\":[\"Organization\",\"Place\"],\"@id\":\"https:\\\/\\\/lupsys.tech\\\/ca\\\/#organization\",\"name\":\"Lupsys Technology\",\"url\":\"https:\\\/\\\/lupsys.tech\\\/ca\\\/\",\"logo\":{\"@id\":\"https:\\\/\\\/lupsys.tech\\\/ca\\\/politica-de-privadesa\\\/#local-main-organization-logo\"},\"image\":{\"@id\":\"https:\\\/\\\/lupsys.tech\\\/ca\\\/politica-de-privadesa\\\/#local-main-organization-logo\"},\"sameAs\":[\"https:\\\/\\\/www.linkedin.com\\\/company\\\/105172500\"],\"description\":\"Lupsys Technology es una empresa especializada en el desarrollo de soluciones tecnol\u00f3gicas innovadoras para empresas. Ofrecemos servicios de desarrollo de software, consultor\u00eda en transformaci\u00f3n digital, inteligencia artificial y an\u00e1lisis de datos. Nuestro objetivo es ayudar a las empresas a optimizar sus procesos y mejorar su competitividad mediante tecnolog\u00eda de vanguardia.\",\"foundingDate\":\"2024-08-14\",\"numberOfEmployees\":{\"@type\":\"QuantitativeValue\",\"minValue\":\"1\",\"maxValue\":\"10\"},\"publishingPrinciples\":\"https:\\\/\\\/lupsys.tech\\\/\",\"ownershipFundingInfo\":\"https:\\\/\\\/lupsys.tech\\\/\",\"correctionsPolicy\":\"https:\\\/\\\/lupsys.tech\\\/aviso-legal\\\/\",\"ethicsPolicy\":\"https:\\\/\\\/lupsys.tech\\\/aviso-legal\\\/\",\"telephone\":[],\"contactPoint\":{\"@type\":\"ContactPoint\",\"telephone\":\"+34 611 68 63 88\",\"email\":\"info@lupsys.tech\"},\"openingHoursSpecification\":[{\"@type\":\"OpeningHoursSpecification\",\"dayOfWeek\":[\"Monday\",\"Tuesday\",\"Wednesday\",\"Thursday\",\"Friday\",\"Saturday\",\"Sunday\"],\"opens\":\"09:00\",\"closes\":\"17:00\"}],\"areaServed\":\"Espa\u00f1a\\\/Barcelona\"},{\"@type\":\"ImageObject\",\"inLanguage\":\"ca\",\"@id\":\"https:\\\/\\\/lupsys.tech\\\/ca\\\/politica-de-privadesa\\\/#local-main-organization-logo\",\"url\":\"https:\\\/\\\/lupsys.tech\\\/wp-content\\\/uploads\\\/2024\\\/10\\\/logo-ledark2.png\",\"contentUrl\":\"https:\\\/\\\/lupsys.tech\\\/wp-content\\\/uploads\\\/2024\\\/10\\\/logo-ledark2.png\",\"width\":1920,\"height\":1080,\"caption\":\"Lupsys Technology\"}]}<\/script>\n<meta name=\"geo.region\" content=\"Espanya\" \/>\n<!-- \/ Yoast SEO Premium plugin. -->","yoast_head_json":{"title":"Pol\u00edtica de Privadesa - Lupsys Technology","robots":{"index":"noindex","follow":"follow"},"schema":{"@context":"https:\/\/schema.org","@graph":[{"@type":"WebPage","@id":"https:\/\/lupsys.tech\/ca\/politica-de-privadesa\/","url":"https:\/\/lupsys.tech\/ca\/politica-de-privadesa\/","name":"Pol\u00edtica de Privadesa - Lupsys Technology","isPartOf":{"@id":"https:\/\/lupsys.tech\/ca\/#website"},"datePublished":"2024-08-19T04:10:43+00:00","dateModified":"2025-04-24T13:51:52+00:00","breadcrumb":{"@id":"https:\/\/lupsys.tech\/ca\/politica-de-privadesa\/#breadcrumb"},"inLanguage":"ca","potentialAction":[{"@type":"ReadAction","target":["https:\/\/lupsys.tech\/ca\/politica-de-privadesa\/"]}]},{"@type":"BreadcrumbList","@id":"https:\/\/lupsys.tech\/ca\/politica-de-privadesa\/#breadcrumb","itemListElement":[{"@type":"ListItem","position":1,"name":"Home","item":"https:\/\/lupsys.tech\/ca\/"},{"@type":"ListItem","position":2,"name":"Pol\u00edtica de Privadesa"}]},{"@type":"WebSite","@id":"https:\/\/lupsys.tech\/ca\/#website","url":"https:\/\/lupsys.tech\/ca\/","name":"Lupsys Technology","description":"Innovaci\u00f3n tecnol\u00f3gica que impulsa tu futuro.","publisher":{"@id":"https:\/\/lupsys.tech\/ca\/#organization"},"potentialAction":[{"@type":"SearchAction","target":{"@type":"EntryPoint","urlTemplate":"https:\/\/lupsys.tech\/ca\/?s={search_term_string}"},"query-input":{"@type":"PropertyValueSpecification","valueRequired":true,"valueName":"search_term_string"}}],"inLanguage":"ca"},{"@type":["Organization","Place"],"@id":"https:\/\/lupsys.tech\/ca\/#organization","name":"Lupsys Technology","url":"https:\/\/lupsys.tech\/ca\/","logo":{"@id":"https:\/\/lupsys.tech\/ca\/politica-de-privadesa\/#local-main-organization-logo"},"image":{"@id":"https:\/\/lupsys.tech\/ca\/politica-de-privadesa\/#local-main-organization-logo"},"sameAs":["https:\/\/www.linkedin.com\/company\/105172500"],"description":"Lupsys Technology es una empresa especializada en el desarrollo de soluciones tecnol\u00f3gicas innovadoras para empresas. Ofrecemos servicios de desarrollo de software, consultor\u00eda en transformaci\u00f3n digital, inteligencia artificial y an\u00e1lisis de datos. Nuestro objetivo es ayudar a las empresas a optimizar sus procesos y mejorar su competitividad mediante tecnolog\u00eda de vanguardia.","foundingDate":"2024-08-14","numberOfEmployees":{"@type":"QuantitativeValue","minValue":"1","maxValue":"10"},"publishingPrinciples":"https:\/\/lupsys.tech\/","ownershipFundingInfo":"https:\/\/lupsys.tech\/","correctionsPolicy":"https:\/\/lupsys.tech\/aviso-legal\/","ethicsPolicy":"https:\/\/lupsys.tech\/aviso-legal\/","telephone":[],"contactPoint":{"@type":"ContactPoint","telephone":"+34 611 68 63 88","email":"info@lupsys.tech"},"openingHoursSpecification":[{"@type":"OpeningHoursSpecification","dayOfWeek":["Monday","Tuesday","Wednesday","Thursday","Friday","Saturday","Sunday"],"opens":"09:00","closes":"17:00"}],"areaServed":"Espa\u00f1a\/Barcelona"},{"@type":"ImageObject","inLanguage":"ca","@id":"https:\/\/lupsys.tech\/ca\/politica-de-privadesa\/#local-main-organization-logo","url":"https:\/\/lupsys.tech\/wp-content\/uploads\/2024\/10\/logo-ledark2.png","contentUrl":"https:\/\/lupsys.tech\/wp-content\/uploads\/2024\/10\/logo-ledark2.png","width":1920,"height":1080,"caption":"Lupsys Technology"}]},"geo.region":"Espanya"},"_links":{"self":[{"href":"https:\/\/lupsys.tech\/ca\/wp-json\/wp\/v2\/pages\/715","targetHints":{"allow":["GET"]}}],"collection":[{"href":"https:\/\/lupsys.tech\/ca\/wp-json\/wp\/v2\/pages"}],"about":[{"href":"https:\/\/lupsys.tech\/ca\/wp-json\/wp\/v2\/types\/page"}],"author":[{"embeddable":true,"href":"https:\/\/lupsys.tech\/ca\/wp-json\/wp\/v2\/users\/1"}],"replies":[{"embeddable":true,"href":"https:\/\/lupsys.tech\/ca\/wp-json\/wp\/v2\/comments?post=715"}],"version-history":[{"count":1,"href":"https:\/\/lupsys.tech\/ca\/wp-json\/wp\/v2\/pages\/715\/revisions"}],"predecessor-version":[{"id":716,"href":"https:\/\/lupsys.tech\/ca\/wp-json\/wp\/v2\/pages\/715\/revisions\/716"}],"wp:attachment":[{"href":"https:\/\/lupsys.tech\/ca\/wp-json\/wp\/v2\/media?parent=715"}],"curies":[{"name":"wp","href":"https:\/\/api.w.org\/{rel}","templated":true}]}}